{"id":9119,"date":"2022-02-03T16:57:48","date_gmt":"2022-02-03T22:57:48","guid":{"rendered":"https:\/\/2022.hispanicamericanlegalservices.com\/es\/?page_id=9119"},"modified":"2022-06-13T11:26:13","modified_gmt":"2022-06-13T16:26:13","slug":"citas","status":"publish","type":"page","link":"https:\/\/hispanicamericanlegalservices.com\/es\/citas\/","title":{"rendered":"Citas"},"content":{"rendered":"\t\t<div data-elementor-type=\"wp-page\" data-elementor-id=\"9119\" class=\"elementor elementor-9119\">\n\t\t\t\t\t\t<section class=\"elementor-section elementor-top-section elementor-element elementor-element-4e2c566 elementor-section-boxed elementor-section-height-default elementor-section-height-default\" data-id=\"4e2c566\" data-element_type=\"section\" data-e-type=\"section\">\n\t\t\t\t\t\t<div class=\"elementor-container elementor-column-gap-default\">\n\t\t\t\t\t<div class=\"elementor-column elementor-col-100 elementor-top-column elementor-element elementor-element-bce947c\" data-id=\"bce947c\" data-element_type=\"column\" data-e-type=\"column\">\n\t\t\t<div class=\"elementor-widget-wrap elementor-element-populated\">\n\t\t\t\t\t\t<div class=\"elementor-element elementor-element-dd11567 elementor-widget elementor-widget-heading\" data-id=\"dd11567\" data-element_type=\"widget\" data-e-type=\"widget\" data-widget_type=\"heading.default\">\n\t\t\t\t<div class=\"elementor-widget-container\">\n\t\t\t\t\t<h2 class=\"elementor-heading-title elementor-size-default\">Contacta con la doctora Liliana Jones.<br><small>Selecciona el d\u00eda y la hora que m\u00e1s se ajuste a t\u00ed.<\/small><\/h2>\t\t\t\t<\/div>\n\t\t\t\t<\/div>\n\t\t\t\t<div class=\"elementor-element elementor-element-edd4f42 elementor-widget elementor-widget-heading\" data-id=\"edd4f42\" data-element_type=\"widget\" data-e-type=\"widget\" data-widget_type=\"heading.default\">\n\t\t\t\t<div class=\"elementor-widget-container\">\n\t\t\t\t\t<h3 class=\"elementor-heading-title elementor-size-default\">Separa tu cita aqu\u00ed<\/h3>\t\t\t\t<\/div>\n\t\t\t\t<\/div>\n\t\t\t\t<div class=\"elementor-element elementor-element-9697c70 elementor-widget elementor-widget-html\" data-id=\"9697c70\" data-element_type=\"widget\" data-e-type=\"widget\" data-widget_type=\"html.default\">\n\t\t\t\t<div class=\"elementor-widget-container\">\n\t\t\t\t\t<!-- Principio del widget integrado de Calendly -->\n<div class=\"calendly-inline-widget\" data-url=\"https:\/\/calendly.com\/d\/dsm-dtc-77v?hide_gdpr_banner=1\" style=\"min-width:320px;height:630px;\"><\/div>\n<script type=\"text\/javascript\" src=\"https:\/\/assets.calendly.com\/assets\/external\/widget.js\" async><\/script>\n<!-- Final del widget integrado de Calendly -->\t\t\t\t<\/div>\n\t\t\t\t<\/div>\n\t\t\t\t\t<\/div>\n\t\t<\/div>\n\t\t\t\t\t<\/div>\n\t\t<\/section>\n\t\t\t\t<\/div>\n\t\t","protected":false},"excerpt":{"rendered":"<p>Contacta con la doctora Liliana Jones.Selecciona el d\u00eda y la hora que m\u00e1s se ajuste a t\u00ed. Separa tu cita aqu\u00ed<\/p>\n","protected":false},"author":2,"featured_media":0,"parent":0,"menu_order":0,"comment_status":"closed","ping_status":"closed","template":"templates\/blank.php","meta":{"_joinchat":[],"footnotes":""},"class_list":["post-9119","page","type-page","status-publish","hentry"],"_links":{"self":[{"href":"https:\/\/hispanicamericanlegalservices.com\/es\/wp-json\/wp\/v2\/pages\/9119","targetHints":{"allow":["GET"]}}],"collection":[{"href":"https:\/\/hispanicamericanlegalservices.com\/es\/wp-json\/wp\/v2\/pages"}],"about":[{"href":"https:\/\/hispanicamericanlegalservices.com\/es\/wp-json\/wp\/v2\/types\/page"}],"author":[{"embeddable":true,"href":"https:\/\/hispanicamericanlegalservices.com\/es\/wp-json\/wp\/v2\/users\/2"}],"replies":[{"embeddable":true,"href":"https:\/\/hispanicamericanlegalservices.com\/es\/wp-json\/wp\/v2\/comments?post=9119"}],"version-history":[{"count":38,"href":"https:\/\/hispanicamericanlegalservices.com\/es\/wp-json\/wp\/v2\/pages\/9119\/revisions"}],"predecessor-version":[{"id":12051,"href":"https:\/\/hispanicamericanlegalservices.com\/es\/wp-json\/wp\/v2\/pages\/9119\/revisions\/12051"}],"wp:attachment":[{"href":"https:\/\/hispanicamericanlegalservices.com\/es\/wp-json\/wp\/v2\/media?parent=9119"}],"curies":[{"name":"wp","href":"https:\/\/api.w.org\/{rel}","templated":true}]}}