{"id":9101,"date":"2022-02-03T16:53:43","date_gmt":"2022-02-03T22:53:43","guid":{"rendered":"https:\/\/2022.hispanicamericanlegalservices.com\/es\/?page_id=9101"},"modified":"2023-11-21T14:52:13","modified_gmt":"2023-11-21T20:52:13","slug":"las-victimas-de-actividad-delictiva-visa-visa-vawa-y-visa-t","status":"publish","type":"page","link":"https:\/\/hispanicamericanlegalservices.com\/es\/las-victimas-de-actividad-delictiva-visa-visa-vawa-y-visa-t\/","title":{"rendered":"Las victimas de actividad delictiva: Visa U , Visa VAWA y Visa T"},"content":{"rendered":"\t\t<div data-elementor-type=\"wp-page\" data-elementor-id=\"9101\" class=\"elementor elementor-9101\">\n\t\t\t\t\t\t<section class=\"elementor-section elementor-top-section elementor-element elementor-element-688fce3 elementor-section-boxed elementor-section-height-default elementor-section-height-default\" data-id=\"688fce3\" data-element_type=\"section\" data-e-type=\"section\" data-settings=\"{&quot;background_background&quot;:&quot;classic&quot;}\">\n\t\t\t\t\t\t<div class=\"elementor-container elementor-column-gap-default\">\n\t\t\t\t\t<div class=\"elementor-column elementor-col-33 elementor-top-column elementor-element elementor-element-3155776c\" data-id=\"3155776c\" data-element_type=\"column\" data-e-type=\"column\">\n\t\t\t<div class=\"elementor-widget-wrap elementor-element-populated\">\n\t\t\t\t\t\t<div class=\"elementor-element elementor-element-55548b3 elementor-widget elementor-widget-video\" data-id=\"55548b3\" data-element_type=\"widget\" data-e-type=\"widget\" data-settings=\"{&quot;youtube_url&quot;:&quot;https:\\\/\\\/www.youtube.com\\\/watch?v=VxyOjWgPBAE&amp;feature=emb_title&quot;,&quot;video_type&quot;:&quot;youtube&quot;,&quot;controls&quot;:&quot;yes&quot;}\" data-widget_type=\"video.default\">\n\t\t\t\t<div class=\"elementor-widget-container\">\n\t\t\t\t\t\t\t<div class=\"elementor-wrapper elementor-open-inline\">\n\t\t\t<div class=\"elementor-video\"><\/div>\t\t<\/div>\n\t\t\t\t\t\t<\/div>\n\t\t\t\t<\/div>\n\t\t\t\t\t<\/div>\n\t\t<\/div>\n\t\t\t\t<div class=\"elementor-column elementor-col-33 elementor-top-column elementor-element elementor-element-63df1abc\" data-id=\"63df1abc\" data-element_type=\"column\" data-e-type=\"column\">\n\t\t\t<div class=\"elementor-widget-wrap elementor-element-populated\">\n\t\t\t\t\t\t<div class=\"elementor-element elementor-element-3029df9 elementor-widget elementor-widget-video\" data-id=\"3029df9\" data-element_type=\"widget\" data-e-type=\"widget\" data-settings=\"{&quot;youtube_url&quot;:&quot;https:\\\/\\\/www.youtube.com\\\/watch?v=ihoGhSJLADo&quot;,&quot;video_type&quot;:&quot;youtube&quot;,&quot;controls&quot;:&quot;yes&quot;}\" data-widget_type=\"video.default\">\n\t\t\t\t<div class=\"elementor-widget-container\">\n\t\t\t\t\t\t\t<div class=\"elementor-wrapper elementor-open-inline\">\n\t\t\t<div class=\"elementor-video\"><\/div>\t\t<\/div>\n\t\t\t\t\t\t<\/div>\n\t\t\t\t<\/div>\n\t\t\t\t\t<\/div>\n\t\t<\/div>\n\t\t\t\t<div class=\"elementor-column elementor-col-33 elementor-top-column elementor-element elementor-element-f756d3c\" data-id=\"f756d3c\" data-element_type=\"column\" data-e-type=\"column\">\n\t\t\t<div class=\"elementor-widget-wrap elementor-element-populated\">\n\t\t\t\t\t\t<div class=\"elementor-element elementor-element-26f2837 elementor-widget elementor-widget-video\" data-id=\"26f2837\" data-element_type=\"widget\" data-e-type=\"widget\" data-settings=\"{&quot;youtube_url&quot;:&quot;https:\\\/\\\/www.youtube.com\\\/watch?v=8O_ESciT56s&quot;,&quot;video_type&quot;:&quot;youtube&quot;,&quot;controls&quot;:&quot;yes&quot;}\" data-widget_type=\"video.default\">\n\t\t\t\t<div class=\"elementor-widget-container\">\n\t\t\t\t\t\t\t<div class=\"elementor-wrapper elementor-open-inline\">\n\t\t\t<div class=\"elementor-video\"><\/div>\t\t<\/div>\n\t\t\t\t\t\t<\/div>\n\t\t\t\t<\/div>\n\t\t\t\t\t<\/div>\n\t\t<\/div>\n\t\t\t\t\t<\/div>\n\t\t<\/section>\n\t\t\t\t<section class=\"elementor-section elementor-top-section elementor-element elementor-element-b8e6147 elementor-section-boxed elementor-section-height-default elementor-section-height-default\" data-id=\"b8e6147\" data-element_type=\"section\" data-e-type=\"section\">\n\t\t\t\t\t\t<div class=\"elementor-container elementor-column-gap-default\">\n\t\t\t\t\t<div class=\"elementor-column elementor-col-100 elementor-top-column elementor-element elementor-element-51c75c0c\" data-id=\"51c75c0c\" data-element_type=\"column\" data-e-type=\"column\">\n\t\t\t<div class=\"elementor-widget-wrap elementor-element-populated\">\n\t\t\t\t\t\t<div class=\"elementor-element elementor-element-9cb0c6f elementor-hidden-desktop elementor-hidden-tablet elementor-hidden-mobile elementor-widget elementor-widget-heading\" data-id=\"9cb0c6f\" data-element_type=\"widget\" data-e-type=\"widget\" data-widget_type=\"heading.default\">\n\t\t\t\t<div class=\"elementor-widget-container\">\n\t\t\t\t\t<h4 class=\"elementor-heading-title elementor-size-default\">Las v\u00edctimas deben haber sufrido abuso f\u00edsico o mental de car\u00e1cter sustancial debido a la actividad criminal y poseer informaci\u00f3n sobre esa actividad delictiva. Las autoridades policiales tambi\u00e9n deber\u00e1n certificar que la v\u00edctima ha sido, est\u00e1 siendo o es probable que sea \u00fatil en la investigaci\u00f3n o el enjuiciamiento de la actividad criminal.<\/h4>\t\t\t\t<\/div>\n\t\t\t\t<\/div>\n\t\t\t\t<div class=\"elementor-element elementor-element-dcb80cb elementor-hidden-desktop elementor-hidden-tablet elementor-hidden-mobile elementor-widget elementor-widget-text-editor\" data-id=\"dcb80cb\" data-element_type=\"widget\" data-e-type=\"widget\" data-widget_type=\"text-editor.default\">\n\t\t\t\t<div class=\"elementor-widget-container\">\n\t\t\t\t\t\t\t\t\t<p>Usted puede aplicar si es o fue, el c\u00f3nyuge abusado de un ciudadano de los EE.UU. o de un residente permanente. Tambi\u00e9n puede incluir en su petici\u00f3n sus hijos solteros menores de 21 si ellos no han presentado una solicitud por ellos mismos.<\/p>\n<p><b>Padres: <\/b>Usted puede presentar una solicitud si es el padre de un ni\u00f1o que ha sido abusado por su c\u00f3nyuge ciudadano de EE.UU. o residente permanente. Usted puede incluir en esta petici\u00f3n hijos que no han sido objeto de abusos, si ellos no se han presentado por s\u00ed mismos. Tambi\u00e9n puede aplicar si usted es el padre de un ciudadano de los EE.UU., y usted ha sido objeto de abuso por su hijo ciudadano de los EE.UU.<\/p>\n<p><b>Ni\u00f1o:<\/b> Usted puede aplicar si usted es menor de 21 a\u00f1os, soltero y ha sido abusado por su padre ciudadano de EE.UU. o residente permanente. Sus hijos tambi\u00e9n pueden ser incluidos en su petici\u00f3n. Usted puede aplicar como hijo despu\u00e9s de los 21 a\u00f1os, pero antes de los 25 a\u00f1os si puede demostrar que el abuso fue la principal raz\u00f3n por no presentar la solicitud en tiempo.<\/p>\t\t\t\t\t\t\t\t<\/div>\n\t\t\t\t<\/div>\n\t\t\t\t<section class=\"elementor-section elementor-inner-section elementor-element elementor-element-79ec96c elementor-section-boxed elementor-section-height-default elementor-section-height-default\" data-id=\"79ec96c\" data-element_type=\"section\" data-e-type=\"section\">\n\t\t\t\t\t\t<div class=\"elementor-container elementor-column-gap-default\">\n\t\t\t\t\t<div class=\"elementor-column elementor-col-50 elementor-inner-column elementor-element elementor-element-6026d1b\" data-id=\"6026d1b\" data-element_type=\"column\" data-e-type=\"column\">\n\t\t\t<div class=\"elementor-widget-wrap elementor-element-populated\">\n\t\t\t\t\t\t<div class=\"elementor-element elementor-element-e8f47c6 elementor-widget elementor-widget-heading\" data-id=\"e8f47c6\" data-element_type=\"widget\" data-e-type=\"widget\" data-widget_type=\"heading.default\">\n\t\t\t\t<div class=\"elementor-widget-container\">\n\t\t\t\t\t<h2 class=\"elementor-heading-title elementor-size-default\">Visa U<\/h2>\t\t\t\t<\/div>\n\t\t\t\t<\/div>\n\t\t\t\t<div class=\"elementor-element elementor-element-b13423e elementor-widget elementor-widget-text-editor\" data-id=\"b13423e\" data-element_type=\"widget\" data-e-type=\"widget\" data-widget_type=\"text-editor.default\">\n\t\t\t\t<div class=\"elementor-widget-container\">\n\t\t\t\t\t\t\t\t\t<p>La visa U es una visa de NO inmigrante que protege a las v\u00edctimas de ciertos delitos que han sufrido abuso mental o f\u00edsico sustancial mientras estaban en los EE. UU y est\u00e1n dispuestas a colaborar con las autoridades en la investigaci\u00f3n y prosecuci\u00f3n de la actividad criminal.<\/p><p>Esta visa le permite tener un permiso de trabajo y hasta la residencia legal (Green Card)<\/p><p><strong>Requisitos para aplicar a la visa U:<\/strong><\/p><ul><li><span style=\"color: var( --e-global-color-text );\">Comprobar que sufri\u00f3 da\u00f1o f\u00edsico o psicol\u00f3gico.<\/span><\/li><li><span style=\"color: var( --e-global-color-text );\">Haber informado el hecho<\/span><\/li><li><span style=\"color: var( --e-global-color-text );\">Demostrar que colaboro con las autoridades en todo momento.<\/span><\/li><li><span style=\"color: var( --e-global-color-text );\">Tener su reporte policial.<\/span><\/li><li>\u00a0<\/li><\/ul><p><strong>Actividades criminales elegibles:<\/strong><\/p><ul><li>Acecho<\/li><li>Agresi\u00f3n con arma<\/li><li>Agresi\u00f3n sexual<\/li><li>Asesinato<\/li><li>Chantaje<\/li><li>Contenido sexual abusivo<\/li><li>Detenci\u00f3n ilegal<\/li><li>Explotaci\u00f3n sexual<\/li><li>Extorsi\u00f3n<\/li><li>Fraude en contrataci\u00f3n de mano de obra extranjera<\/li><li>Homicidio involuntario<\/li><li>Incesto<\/li><li>Manipulaci\u00f3n de testigos<\/li><li>Mutilaci\u00f3n genital femenina<\/li><li>Obstrucci\u00f3n de justicia<\/li><li>Otros cr\u00edmenes relacionados*\u2020<\/li><li>Perjurio<\/li><li>Prostituci\u00f3n<\/li><li>Rapto<\/li><li>Restricci\u00f3n ilegal criminal<\/li><li>Secuestro<\/li><li>Servidumbre involuntaria<\/li><li>Toma de reh\u00e9n<\/li><li>Tortura<\/li><li>Trabajo forzado<\/li><li>Trata de esclavos<\/li><li>Trata humana<\/li><li>Violaci\u00f3n<\/li><li>Violencia dom\u00e9stica<\/li><\/ul>\t\t\t\t\t\t\t\t<\/div>\n\t\t\t\t<\/div>\n\t\t\t\t\t<\/div>\n\t\t<\/div>\n\t\t\t\t<div class=\"elementor-column elementor-col-50 elementor-inner-column elementor-element elementor-element-5be6088\" data-id=\"5be6088\" data-element_type=\"column\" data-e-type=\"column\">\n\t\t\t<div class=\"elementor-widget-wrap elementor-element-populated\">\n\t\t\t\t\t\t<div class=\"elementor-element elementor-element-4f06e93 elementor-widget elementor-widget-heading\" data-id=\"4f06e93\" data-element_type=\"widget\" data-e-type=\"widget\" data-widget_type=\"heading.default\">\n\t\t\t\t<div class=\"elementor-widget-container\">\n\t\t\t\t\t<h2 class=\"elementor-heading-title elementor-size-default\">Visa VAWA:<\/h2>\t\t\t\t<\/div>\n\t\t\t\t<\/div>\n\t\t\t\t<div class=\"elementor-element elementor-element-d9cd613 elementor-widget elementor-widget-text-editor\" data-id=\"d9cd613\" data-element_type=\"widget\" data-e-type=\"widget\" data-widget_type=\"text-editor.default\">\n\t\t\t\t<div class=\"elementor-widget-container\">\n\t\t\t\t\t\t\t\t\t<p>Es un beneficio migratorio para ciertas personas, que han sido v\u00edctimas de violencia domestica sufriendo abuso mental o f\u00edsico dentro de los EE.UU.<\/p><p><strong>Requisitos para aplicar a la visa VAWA:<\/strong><\/p><ul><li>Comprobar que sufri\u00f3 da\u00f1o f\u00edsico o psicol\u00f3gico por parte de:<\/li><\/ul><p>Un c\u00f3nyuge o ex c\u00f3nyuge residente permanente o ciudadano estadounidense.<\/p><p>Un padre o madre residente permanente o ciudadano estadounidense.<\/p><p>Un hijo o hija ciudadano estadounidense mayor de 21 a\u00f1os.<\/p><p>Esta visa le permite tener un permiso de trabajo y hasta la residencia legal (Green Card).<\/p>\t\t\t\t\t\t\t\t<\/div>\n\t\t\t\t<\/div>\n\t\t\t\t<div class=\"elementor-element elementor-element-72e2cf2 elementor-widget elementor-widget-heading\" data-id=\"72e2cf2\" data-element_type=\"widget\" data-e-type=\"widget\" data-widget_type=\"heading.default\">\n\t\t\t\t<div class=\"elementor-widget-container\">\n\t\t\t\t\t<h2 class=\"elementor-heading-title elementor-size-default\">Visa T:<\/h2>\t\t\t\t<\/div>\n\t\t\t\t<\/div>\n\t\t\t\t<div class=\"elementor-element elementor-element-4d13e40 elementor-widget elementor-widget-text-editor\" data-id=\"4d13e40\" data-element_type=\"widget\" data-e-type=\"widget\" data-widget_type=\"text-editor.default\">\n\t\t\t\t<div class=\"elementor-widget-container\">\n\t\t\t\t\t\t\t\t\t<p class=\"p1\"><span class=\"s1\">El estatus de no inmigrante T es un beneficio de inmigraci\u00f3n <\/span><span class=\"s1\">temporal que permite a ciertas v\u00edctimas de trata grave de personas <\/span><span class=\"s1\">permanecer en los EE. UU. hasta por cuatro a\u00f1os si cumplen con las <\/span><span class=\"s1\">solicitudes de asistencia de las autoridades o califican para <\/span><span class=\"s1\">exenciones.\u00a0<\/span><\/p><p><strong>Requisitos para aplicar a la visa T:<\/strong><\/p><ul><li><span class=\"s1\">-Ser v\u00edctima de trata de personas.<\/span><\/li><li><span class=\"s1\">-Estar f\u00edsicamente <\/span><span class=\"s1\">presente en los EE. UU<\/span><\/li><li>-C<span class=\"s1\">umplir con las solicitudes de las autoridades<\/span><\/li><li><span class=\"s1\">-Demostrar dificultades extremas si es expulsado<\/span><\/li><li><span class=\"s1\">-Ser admisible en los <\/span><span class=\"s1\">EE. UU.<\/span><\/li><\/ul><p>\u00a0<\/p><p>Esta visa le permite a l<span class=\"s1\">os no inmigrantes poder ser elegibles para <\/span><span class=\"s1\">autorizaci\u00f3n de empleo y beneficios federales y estatales, y pueden <\/span><span class=\"s1\">ajustar su estatus para convertirse en residentes permanentes legales.<\/span><\/p>\t\t\t\t\t\t\t\t<\/div>\n\t\t\t\t<\/div>\n\t\t\t\t\t<\/div>\n\t\t<\/div>\n\t\t\t\t\t<\/div>\n\t\t<\/section>\n\t\t\t\t\t<\/div>\n\t\t<\/div>\n\t\t\t\t\t<\/div>\n\t\t<\/section>\n\t\t\t\t<section class=\"elementor-section elementor-top-section elementor-element elementor-element-4632fb2b elementor-section-boxed elementor-section-height-default elementor-section-height-default\" data-id=\"4632fb2b\" data-element_type=\"section\" data-e-type=\"section\" data-settings=\"{&quot;background_background&quot;:&quot;classic&quot;}\">\n\t\t\t\t\t\t<div class=\"elementor-container elementor-column-gap-default\">\n\t\t\t\t\t<div class=\"elementor-column elementor-col-100 elementor-top-column elementor-element elementor-element-30271e74\" data-id=\"30271e74\" data-element_type=\"column\" data-e-type=\"column\">\n\t\t\t<div class=\"elementor-widget-wrap elementor-element-populated\">\n\t\t\t\t\t\t<div class=\"elementor-element elementor-element-52b023e7 elementor-widget elementor-widget-heading\" data-id=\"52b023e7\" data-element_type=\"widget\" data-e-type=\"widget\" data-widget_type=\"heading.default\">\n\t\t\t\t<div class=\"elementor-widget-container\">\n\t\t\t\t\t<h4 class=\"elementor-heading-title elementor-size-default\">Si usted est\u00e1 interesado en saber m\u00e1s acerca de este tipo de visa, simplemente llame o deje su informaci\u00f3n y nos pondremos en contacto con usted.\n\n\n<\/h4>\t\t\t\t<\/div>\n\t\t\t\t<\/div>\n\t\t\t\t\t<\/div>\n\t\t<\/div>\n\t\t\t\t\t<\/div>\n\t\t<\/section>\n\t\t\t\t<section class=\"elementor-section elementor-top-section elementor-element elementor-element-6b6c7de8 elementor-section-stretched elementor-section-boxed elementor-section-height-default elementor-section-height-default\" data-id=\"6b6c7de8\" data-element_type=\"section\" data-e-type=\"section\" data-settings=\"{&quot;stretch_section&quot;:&quot;section-stretched&quot;,&quot;background_background&quot;:&quot;classic&quot;}\">\n\t\t\t\t\t\t<div class=\"elementor-container elementor-column-gap-no\">\n\t\t\t\t\t<div class=\"elementor-column elementor-col-100 elementor-top-column elementor-element elementor-element-323b0f41\" data-id=\"323b0f41\" data-element_type=\"column\" data-e-type=\"column\">\n\t\t\t<div class=\"elementor-widget-wrap elementor-element-populated\">\n\t\t\t\t\t\t<div class=\"elementor-element elementor-element-10bc9de8 elementor-widget elementor-widget-rt-cta\" data-id=\"10bc9de8\" data-element_type=\"widget\" data-e-type=\"widget\" data-widget_type=\"rt-cta.default\">\n\t\t\t\t<div class=\"elementor-widget-container\">\n\t\t\t\t\t\n\n<!--=====================================-->\n<!--=     Call To Action Area Start     =-->\n<!--=====================================-->\n<section class=\"call-to-action-wrap-layout1 has-animation\">\n        <div class=\"animated-figure\">\n        <div class=\"translate-right-50 transition-100 opacity-animation transition-delay-100\">\n            <img fetchpriority=\"high\" decoding=\"async\" width=\"330\" height=\"300\" src=\"https:\/\/hispanicamericanlegalservices.com\/wp-content\/uploads\/2020\/12\/banner1.png\" class=\"attachment-full size-full\" alt=\"\" \/>        <\/div>\n    <\/div>\n        <div class=\"row\">\n        <div class=\"col-lg-8 col-12\">\n                        <div class=\"call-to-action-box-layout1\">\n                <h2 class=\"item-title\">\u00bfTienes preguntas?<br \/>Siempre estamos dispuestos a ayudarte<\/h2>\n            <\/div>\n                    <\/div>\n        <div class=\"col-lg-4 col-12 d-flex align-items-center justify-content-center justify-content-lg-end\">\n                        <div class=\"call-to-action-box-layout1\">\n                <a href=\"http:\/\/lilianajones.ctcin.bio\/\" class=\"btn-fill\">Recursos \/ Ver M\u00e1s<\/a>\n            <\/div>\n                    <\/div>\n    <\/div>\n<\/section>\t\t\t\t<\/div>\n\t\t\t\t<\/div>\n\t\t\t\t\t<\/div>\n\t\t<\/div>\n\t\t\t\t\t<\/div>\n\t\t<\/section>\n\t\t\t\t<\/div>\n\t\t","protected":false},"excerpt":{"rendered":"<p>Las v\u00edctimas deben haber sufrido abuso f\u00edsico o mental de car\u00e1cter sustancial debido a la actividad criminal y poseer informaci\u00f3n sobre esa actividad delictiva. Las autoridades policiales tambi\u00e9n deber\u00e1n certificar que la v\u00edctima ha sido, est\u00e1 siendo o es probable que sea \u00fatil en la investigaci\u00f3n o el enjuiciamiento de la actividad criminal. Usted puede&#8230;<\/p>\n","protected":false},"author":2,"featured_media":0,"parent":0,"menu_order":0,"comment_status":"closed","ping_status":"closed","template":"templates\/blank.php","meta":{"_joinchat":[],"footnotes":""},"class_list":["post-9101","page","type-page","status-publish","hentry"],"_links":{"self":[{"href":"https:\/\/hispanicamericanlegalservices.com\/es\/wp-json\/wp\/v2\/pages\/9101","targetHints":{"allow":["GET"]}}],"collection":[{"href":"https:\/\/hispanicamericanlegalservices.com\/es\/wp-json\/wp\/v2\/pages"}],"about":[{"href":"https:\/\/hispanicamericanlegalservices.com\/es\/wp-json\/wp\/v2\/types\/page"}],"author":[{"embeddable":true,"href":"https:\/\/hispanicamericanlegalservices.com\/es\/wp-json\/wp\/v2\/users\/2"}],"replies":[{"embeddable":true,"href":"https:\/\/hispanicamericanlegalservices.com\/es\/wp-json\/wp\/v2\/comments?post=9101"}],"version-history":[{"count":40,"href":"https:\/\/hispanicamericanlegalservices.com\/es\/wp-json\/wp\/v2\/pages\/9101\/revisions"}],"predecessor-version":[{"id":12836,"href":"https:\/\/hispanicamericanlegalservices.com\/es\/wp-json\/wp\/v2\/pages\/9101\/revisions\/12836"}],"wp:attachment":[{"href":"https:\/\/hispanicamericanlegalservices.com\/es\/wp-json\/wp\/v2\/media?parent=9101"}],"curies":[{"name":"wp","href":"https:\/\/api.w.org\/{rel}","templated":true}]}}