{"id":9096,"date":"2022-02-03T16:53:43","date_gmt":"2022-02-03T22:53:43","guid":{"rendered":"https:\/\/2022.hispanicamericanlegalservices.com\/es\/?page_id=9096"},"modified":"2022-03-30T10:35:56","modified_gmt":"2022-03-30T15:35:56","slug":"perdones","status":"publish","type":"page","link":"https:\/\/hispanicamericanlegalservices.com\/es\/perdones\/","title":{"rendered":"Perdones"},"content":{"rendered":"\t\t<div data-elementor-type=\"wp-page\" data-elementor-id=\"9096\" class=\"elementor elementor-9096\">\n\t\t\t\t\t\t<section class=\"elementor-section elementor-top-section elementor-element elementor-element-28b22e48 elementor-section-boxed elementor-section-height-default elementor-section-height-default\" data-id=\"28b22e48\" data-element_type=\"section\" data-e-type=\"section\" data-settings=\"{&quot;background_background&quot;:&quot;classic&quot;}\">\n\t\t\t\t\t\t<div class=\"elementor-container elementor-column-gap-default\">\n\t\t\t\t\t<div class=\"elementor-column elementor-col-50 elementor-top-column elementor-element elementor-element-1d45c2f7\" data-id=\"1d45c2f7\" data-element_type=\"column\" data-e-type=\"column\">\n\t\t\t<div class=\"elementor-widget-wrap elementor-element-populated\">\n\t\t\t\t\t\t<div class=\"elementor-element elementor-element-222fcd35 elementor-widget elementor-widget-video\" data-id=\"222fcd35\" data-element_type=\"widget\" data-e-type=\"widget\" data-settings=\"{&quot;youtube_url&quot;:&quot;https:\\\/\\\/www.youtube.com\\\/watch?v=ojVqNTGq5r0&quot;,&quot;video_type&quot;:&quot;youtube&quot;,&quot;controls&quot;:&quot;yes&quot;}\" data-widget_type=\"video.default\">\n\t\t\t\t<div class=\"elementor-widget-container\">\n\t\t\t\t\t\t\t<div class=\"elementor-wrapper elementor-open-inline\">\n\t\t\t<div class=\"elementor-video\"><\/div>\t\t<\/div>\n\t\t\t\t\t\t<\/div>\n\t\t\t\t<\/div>\n\t\t\t\t\t<\/div>\n\t\t<\/div>\n\t\t\t\t<div class=\"elementor-column elementor-col-50 elementor-top-column elementor-element elementor-element-10ea7a15\" data-id=\"10ea7a15\" data-element_type=\"column\" data-e-type=\"column\">\n\t\t\t<div class=\"elementor-widget-wrap elementor-element-populated\">\n\t\t\t\t\t\t<div class=\"elementor-element elementor-element-5bf1329c elementor-widget elementor-widget-video\" data-id=\"5bf1329c\" data-element_type=\"widget\" data-e-type=\"widget\" data-settings=\"{&quot;youtube_url&quot;:&quot;https:\\\/\\\/www.youtube.com\\\/watch?v=ezPczDq1U6Y&quot;,&quot;video_type&quot;:&quot;youtube&quot;,&quot;controls&quot;:&quot;yes&quot;}\" data-widget_type=\"video.default\">\n\t\t\t\t<div class=\"elementor-widget-container\">\n\t\t\t\t\t\t\t<div class=\"elementor-wrapper elementor-open-inline\">\n\t\t\t<div class=\"elementor-video\"><\/div>\t\t<\/div>\n\t\t\t\t\t\t<\/div>\n\t\t\t\t<\/div>\n\t\t\t\t\t<\/div>\n\t\t<\/div>\n\t\t\t\t\t<\/div>\n\t\t<\/section>\n\t\t\t\t<section class=\"elementor-section elementor-top-section elementor-element elementor-element-215113c7 elementor-section-boxed elementor-section-height-default elementor-section-height-default\" data-id=\"215113c7\" data-element_type=\"section\" data-e-type=\"section\">\n\t\t\t\t\t\t<div class=\"elementor-container elementor-column-gap-default\">\n\t\t\t\t\t<div class=\"elementor-column elementor-col-100 elementor-top-column elementor-element elementor-element-25fc2f81\" data-id=\"25fc2f81\" data-element_type=\"column\" data-e-type=\"column\">\n\t\t\t<div class=\"elementor-widget-wrap elementor-element-populated\">\n\t\t\t\t\t\t<div class=\"elementor-element elementor-element-88ed1e1 elementor-widget elementor-widget-text-editor\" data-id=\"88ed1e1\" data-element_type=\"widget\" data-e-type=\"widget\" data-widget_type=\"text-editor.default\">\n\t\t\t\t<div class=\"elementor-widget-container\">\n\t\t\t\t\t\t\t\t\t<p>Existen diferentes clases de persones los cuales pueden ayudar al inmigrante a obtener los diferentes beneficios en inmigraci\u00f3n, siempre y cuando cumplan con los requisitos aplicables conforme al perd\u00f3n invocado y  de acuerdo a los est\u00e1ndares aplicables a ellos. Aplicar a un perd\u00f3n es una tarea que exige un concienzudo estudio de la ley y de las circunstancias de su caso, ya sea que Ud. se encuentre fuera o dentro de los EEUU al momento de aplicar a ellos.<\/p>\t\t\t\t\t\t\t\t<\/div>\n\t\t\t\t<\/div>\n\t\t\t\t<div class=\"elementor-element elementor-element-50fd7e4e elementor-widget elementor-widget-heading\" data-id=\"50fd7e4e\" data-element_type=\"widget\" data-e-type=\"widget\" data-widget_type=\"heading.default\">\n\t\t\t\t<div class=\"elementor-widget-container\">\n\t\t\t\t\t<h3 class=\"elementor-heading-title elementor-size-default\">Clases de perdones para Inmigrantes:\n\n\n<\/h3>\t\t\t\t<\/div>\n\t\t\t\t<\/div>\n\t\t\t\t<div class=\"elementor-element elementor-element-41166d03 elementor-icon-list--layout-traditional elementor-list-item-link-full_width elementor-widget elementor-widget-icon-list\" data-id=\"41166d03\" data-element_type=\"widget\" data-e-type=\"widget\" data-widget_type=\"icon-list.default\">\n\t\t\t\t<div class=\"elementor-widget-container\">\n\t\t\t\t\t\t\t<ul class=\"elementor-icon-list-items\">\n\t\t\t\t\t\t\t<li class=\"elementor-icon-list-item\">\n\t\t\t\t\t\t\t\t\t\t\t<span class=\"elementor-icon-list-icon\">\n\t\t\t\t\t\t\t<i aria-hidden=\"true\" class=\"fas fa-check\"><\/i>\t\t\t\t\t\t<\/span>\n\t\t\t\t\t\t\t\t\t\t<span class=\"elementor-icon-list-text\">Perd\u00f3n para ciertos cargos criminales<\/span>\n\t\t\t\t\t\t\t\t\t<\/li>\n\t\t\t\t\t\t\t\t<li class=\"elementor-icon-list-item\">\n\t\t\t\t\t\t\t\t\t\t\t<span class=\"elementor-icon-list-icon\">\n\t\t\t\t\t\t\t<i aria-hidden=\"true\" class=\"fas fa-check\"><\/i>\t\t\t\t\t\t<\/span>\n\t\t\t\t\t\t\t\t\t\t<span class=\"elementor-icon-list-text\">Perd\u00f3n por Fraude<\/span>\n\t\t\t\t\t\t\t\t\t<\/li>\n\t\t\t\t\t\t\t\t<li class=\"elementor-icon-list-item\">\n\t\t\t\t\t\t\t\t\t\t\t<span class=\"elementor-icon-list-icon\">\n\t\t\t\t\t\t\t<i aria-hidden=\"true\" class=\"fas fa-check\"><\/i>\t\t\t\t\t\t<\/span>\n\t\t\t\t\t\t\t\t\t\t<span class=\"elementor-icon-list-text\">Perd\u00f3n por 3-10 a\u00f1os de presencia irregular<\/span>\n\t\t\t\t\t\t\t\t\t<\/li>\n\t\t\t\t\t\t\t\t<li class=\"elementor-icon-list-item\">\n\t\t\t\t\t\t\t\t\t\t\t<span class=\"elementor-icon-list-icon\">\n\t\t\t\t\t\t\t<i aria-hidden=\"true\" class=\"fas fa-check\"><\/i>\t\t\t\t\t\t<\/span>\n\t\t\t\t\t\t\t\t\t\t<span class=\"elementor-icon-list-text\">Perd\u00f3n por castigo permanente despu\u00e9s de 10 a\u00f1os<\/span>\n\t\t\t\t\t\t\t\t\t<\/li>\n\t\t\t\t\t\t\t\t<li class=\"elementor-icon-list-item\">\n\t\t\t\t\t\t\t\t\t\t\t<span class=\"elementor-icon-list-icon\">\n\t\t\t\t\t\t\t<i aria-hidden=\"true\" class=\"fas fa-check\"><\/i>\t\t\t\t\t\t<\/span>\n\t\t\t\t\t\t\t\t\t\t<span class=\"elementor-icon-list-text\">Exenci\u00f3n Provisional<\/span>\n\t\t\t\t\t\t\t\t\t<\/li>\n\t\t\t\t\t\t<\/ul>\n\t\t\t\t\t\t<\/div>\n\t\t\t\t<\/div>\n\t\t\t\t\t<\/div>\n\t\t<\/div>\n\t\t\t\t\t<\/div>\n\t\t<\/section>\n\t\t\t\t<section class=\"elementor-section elementor-top-section elementor-element elementor-element-a711b4a elementor-section-boxed elementor-section-height-default elementor-section-height-default\" data-id=\"a711b4a\" data-element_type=\"section\" data-e-type=\"section\" data-settings=\"{&quot;background_background&quot;:&quot;classic&quot;}\">\n\t\t\t\t\t\t<div class=\"elementor-container elementor-column-gap-default\">\n\t\t\t\t\t<div class=\"elementor-column elementor-col-100 elementor-top-column elementor-element elementor-element-52ff45e3\" data-id=\"52ff45e3\" data-element_type=\"column\" data-e-type=\"column\">\n\t\t\t<div class=\"elementor-widget-wrap elementor-element-populated\">\n\t\t\t\t\t\t<div class=\"elementor-element elementor-element-3262ac14 elementor-widget elementor-widget-heading\" data-id=\"3262ac14\" data-element_type=\"widget\" data-e-type=\"widget\" data-widget_type=\"heading.default\">\n\t\t\t\t<div class=\"elementor-widget-container\">\n\t\t\t\t\t<h4 class=\"elementor-heading-title elementor-size-default\">Si est\u00e1 interesado en saber m\u00e1s acerca de  las diferentes clases de perd\u00f3n, no dude en contactarnos.\n\n\n<\/h4>\t\t\t\t<\/div>\n\t\t\t\t<\/div>\n\t\t\t\t\t<\/div>\n\t\t<\/div>\n\t\t\t\t\t<\/div>\n\t\t<\/section>\n\t\t\t\t<section class=\"elementor-section elementor-top-section elementor-element elementor-element-5716fbb0 elementor-section-stretched elementor-section-boxed elementor-section-height-default elementor-section-height-default\" data-id=\"5716fbb0\" data-element_type=\"section\" data-e-type=\"section\" data-settings=\"{&quot;stretch_section&quot;:&quot;section-stretched&quot;,&quot;background_background&quot;:&quot;classic&quot;}\">\n\t\t\t\t\t\t<div class=\"elementor-container elementor-column-gap-no\">\n\t\t\t\t\t<div class=\"elementor-column elementor-col-100 elementor-top-column elementor-element elementor-element-1498db0a\" data-id=\"1498db0a\" data-element_type=\"column\" data-e-type=\"column\">\n\t\t\t<div class=\"elementor-widget-wrap elementor-element-populated\">\n\t\t\t\t\t\t<div class=\"elementor-element elementor-element-6c618ff5 elementor-widget elementor-widget-rt-cta\" data-id=\"6c618ff5\" data-element_type=\"widget\" data-e-type=\"widget\" data-widget_type=\"rt-cta.default\">\n\t\t\t\t<div class=\"elementor-widget-container\">\n\t\t\t\t\t\n\n<!--=====================================-->\n<!--=     Call To Action Area Start     =-->\n<!--=====================================-->\n<section class=\"call-to-action-wrap-layout1 has-animation\">\n        <div class=\"animated-figure\">\n        <div class=\"translate-right-50 transition-100 opacity-animation transition-delay-100\">\n            <img fetchpriority=\"high\" decoding=\"async\" width=\"330\" height=\"300\" src=\"https:\/\/hispanicamericanlegalservices.com\/wp-content\/uploads\/2020\/12\/banner1.png\" class=\"attachment-full size-full\" alt=\"\" \/>        <\/div>\n    <\/div>\n        <div class=\"row\">\n        <div class=\"col-lg-8 col-12\">\n                        <div class=\"call-to-action-box-layout1\">\n                <h2 class=\"item-title\">\u00bfTienes preguntas?<br \/>Siempre estamos dispuestos a ayudarte<\/h2>\n            <\/div>\n                    <\/div>\n        <div class=\"col-lg-4 col-12 d-flex align-items-center justify-content-center justify-content-lg-end\">\n                        <div class=\"call-to-action-box-layout1\">\n                <a href=\"http:\/\/lilianajones.ctcin.bio\/\" class=\"btn-fill\">Recursos \/ Ver M\u00e1s<\/a>\n            <\/div>\n                    <\/div>\n    <\/div>\n<\/section>\t\t\t\t<\/div>\n\t\t\t\t<\/div>\n\t\t\t\t\t<\/div>\n\t\t<\/div>\n\t\t\t\t\t<\/div>\n\t\t<\/section>\n\t\t\t\t<\/div>\n\t\t","protected":false},"excerpt":{"rendered":"<p>https:\/\/www.youtube.com\/watch?v=ojVqNTGq5r0https:\/\/www.youtube.com\/watch?v=ezPczDq1U6Y Existen diferentes clases de persones los cuales pueden ayudar al inmigrante a obtener los diferentes beneficios en inmigraci\u00f3n, siempre y cuando cumplan con los requisitos aplicables conforme al perd\u00f3n invocado y de acuerdo a los est\u00e1ndares aplicables a ellos. Aplicar a un perd\u00f3n es una tarea que exige un concienzudo estudio de la ley&#8230;<\/p>\n","protected":false},"author":2,"featured_media":0,"parent":0,"menu_order":0,"comment_status":"closed","ping_status":"closed","template":"templates\/blank.php","meta":{"_joinchat":[],"footnotes":""},"class_list":["post-9096","page","type-page","status-publish","hentry"],"_links":{"self":[{"href":"https:\/\/hispanicamericanlegalservices.com\/es\/wp-json\/wp\/v2\/pages\/9096","targetHints":{"allow":["GET"]}}],"collection":[{"href":"https:\/\/hispanicamericanlegalservices.com\/es\/wp-json\/wp\/v2\/pages"}],"about":[{"href":"https:\/\/hispanicamericanlegalservices.com\/es\/wp-json\/wp\/v2\/types\/page"}],"author":[{"embeddable":true,"href":"https:\/\/hispanicamericanlegalservices.com\/es\/wp-json\/wp\/v2\/users\/2"}],"replies":[{"embeddable":true,"href":"https:\/\/hispanicamericanlegalservices.com\/es\/wp-json\/wp\/v2\/comments?post=9096"}],"version-history":[{"count":21,"href":"https:\/\/hispanicamericanlegalservices.com\/es\/wp-json\/wp\/v2\/pages\/9096\/revisions"}],"predecessor-version":[{"id":9932,"href":"https:\/\/hispanicamericanlegalservices.com\/es\/wp-json\/wp\/v2\/pages\/9096\/revisions\/9932"}],"wp:attachment":[{"href":"https:\/\/hispanicamericanlegalservices.com\/es\/wp-json\/wp\/v2\/media?parent=9096"}],"curies":[{"name":"wp","href":"https:\/\/api.w.org\/{rel}","templated":true}]}}