{"id":12837,"date":"2023-11-21T14:56:46","date_gmt":"2023-11-21T20:56:46","guid":{"rendered":"https:\/\/hispanicamericanlegalservices.com\/?page_id=12837"},"modified":"2023-11-21T15:02:13","modified_gmt":"2023-11-21T21:02:13","slug":"asilo-deportacion-y-visa-juvenil-sijs","status":"publish","type":"page","link":"https:\/\/hispanicamericanlegalservices.com\/es\/asilo-deportacion-y-visa-juvenil-sijs\/","title":{"rendered":"Asilo, Deportaci\u00f3n y Visa Juvenil -SIJS"},"content":{"rendered":"\t\t<div data-elementor-type=\"wp-page\" data-elementor-id=\"12837\" class=\"elementor elementor-12837\">\n\t\t\t\t\t\t<section class=\"elementor-section elementor-top-section elementor-element elementor-element-8ae416d elementor-section-stretched elementor-section-boxed elementor-section-height-default elementor-section-height-default\" data-id=\"8ae416d\" data-element_type=\"section\" data-e-type=\"section\" data-settings=\"{&quot;stretch_section&quot;:&quot;section-stretched&quot;}\">\n\t\t\t\t\t\t<div class=\"elementor-container elementor-column-gap-default\">\n\t\t\t\t\t<div class=\"elementor-column elementor-col-100 elementor-top-column elementor-element elementor-element-c439e80\" data-id=\"c439e80\" data-element_type=\"column\" data-e-type=\"column\">\n\t\t\t<div class=\"elementor-widget-wrap elementor-element-populated\">\n\t\t\t\t\t\t<section class=\"elementor-section elementor-inner-section elementor-element elementor-element-921a394 elementor-section-boxed elementor-section-height-default elementor-section-height-default\" data-id=\"921a394\" data-element_type=\"section\" data-e-type=\"section\">\n\t\t\t\t\t\t<div class=\"elementor-container elementor-column-gap-default\">\n\t\t\t\t\t<div class=\"elementor-column elementor-col-33 elementor-inner-column elementor-element elementor-element-2c82f69\" data-id=\"2c82f69\" data-element_type=\"column\" data-e-type=\"column\">\n\t\t\t<div class=\"elementor-widget-wrap elementor-element-populated\">\n\t\t\t\t\t\t<div class=\"elementor-element elementor-element-aeca0b4 elementor-widget elementor-widget-heading\" data-id=\"aeca0b4\" data-element_type=\"widget\" data-e-type=\"widget\" data-widget_type=\"heading.default\">\n\t\t\t\t<div class=\"elementor-widget-container\">\n\t\t\t\t\t<h2 class=\"elementor-heading-title elementor-size-default\">Asilo<\/h2>\t\t\t\t<\/div>\n\t\t\t\t<\/div>\n\t\t\t\t\t<\/div>\n\t\t<\/div>\n\t\t\t\t<div class=\"elementor-column elementor-col-33 elementor-inner-column elementor-element elementor-element-6985c5a\" data-id=\"6985c5a\" data-element_type=\"column\" data-e-type=\"column\">\n\t\t\t<div class=\"elementor-widget-wrap elementor-element-populated\">\n\t\t\t\t\t\t<div class=\"elementor-element elementor-element-fa17dcd elementor-widget elementor-widget-heading\" data-id=\"fa17dcd\" data-element_type=\"widget\" data-e-type=\"widget\" data-widget_type=\"heading.default\">\n\t\t\t\t<div class=\"elementor-widget-container\">\n\t\t\t\t\t<h2 class=\"elementor-heading-title elementor-size-default\">Deportaci\u00f3n<\/h2>\t\t\t\t<\/div>\n\t\t\t\t<\/div>\n\t\t\t\t\t<\/div>\n\t\t<\/div>\n\t\t\t\t<div class=\"elementor-column elementor-col-33 elementor-inner-column elementor-element elementor-element-0778e26\" data-id=\"0778e26\" data-element_type=\"column\" data-e-type=\"column\">\n\t\t\t<div class=\"elementor-widget-wrap elementor-element-populated\">\n\t\t\t\t\t\t<div class=\"elementor-element elementor-element-47adf53 elementor-widget elementor-widget-heading\" data-id=\"47adf53\" data-element_type=\"widget\" data-e-type=\"widget\" data-widget_type=\"heading.default\">\n\t\t\t\t<div class=\"elementor-widget-container\">\n\t\t\t\t\t<h2 class=\"elementor-heading-title elementor-size-default\">Visa Juvenil - SIJS<br><\/h2>\t\t\t\t<\/div>\n\t\t\t\t<\/div>\n\t\t\t\t\t<\/div>\n\t\t<\/div>\n\t\t\t\t\t<\/div>\n\t\t<\/section>\n\t\t\t\t<section class=\"elementor-section elementor-inner-section elementor-element elementor-element-155780a elementor-section-boxed elementor-section-height-default elementor-section-height-default\" data-id=\"155780a\" data-element_type=\"section\" data-e-type=\"section\">\n\t\t\t\t\t\t<div class=\"elementor-container elementor-column-gap-default\">\n\t\t\t\t\t<div class=\"elementor-column elementor-col-33 elementor-inner-column elementor-element elementor-element-404f75a\" data-id=\"404f75a\" data-element_type=\"column\" data-e-type=\"column\">\n\t\t\t<div class=\"elementor-widget-wrap elementor-element-populated\">\n\t\t\t\t\t\t<div class=\"elementor-element elementor-element-5724885 elementor-widget elementor-widget-text-editor\" data-id=\"5724885\" data-element_type=\"widget\" data-e-type=\"widget\" data-widget_type=\"text-editor.default\">\n\t\t\t\t<div class=\"elementor-widget-container\">\n\t\t\t\t\t\t\t\t\t<p class=\"p1\"><span class=\"s1\">Las personas que buscan protecci\u00f3n en los Estados Unidos por <\/span><span class=\"s1\">persecuci\u00f3n o temor a ser perseguida debido a su religi\u00f3n, raza, <\/span><span class=\"s1\">nacionalidad, membres\u00eda en un grupo social particular u opini\u00f3n <\/span><span class=\"s1\">pol\u00edtica, pueden solicitar asilo. <\/span><\/p><p class=\"p1\"><span class=\"s1\">Con excepciones limitadas, <\/span><span class=\"s1\">generalmente, debe solicitar asilo y presentar el Formulario I-589 <\/span><span class=\"s1\">dentro del a\u00f1o posterior a su llegada. Puede incluir a su c\u00f3nyuge e <\/span><span class=\"s1\">hijos como derivados en su solicitud. <\/span><\/p><p class=\"p1\"><span class=\"s1\">Adem\u00e1s, puede solicitar un <\/span><span class=\"s1\">Documento de autorizaci\u00f3n de empleo (EAD) basado en su solicitud de <\/span><span class=\"s1\">asilo pendiente y presentar el Formulario I-765 150 d\u00edas despu\u00e9s de <\/span><span class=\"s1\">presentar su Formulario I-589.<\/span><\/p>\t\t\t\t\t\t\t\t<\/div>\n\t\t\t\t<\/div>\n\t\t\t\t\t<\/div>\n\t\t<\/div>\n\t\t\t\t<div class=\"elementor-column elementor-col-33 elementor-inner-column elementor-element elementor-element-227cfff\" data-id=\"227cfff\" data-element_type=\"column\" data-e-type=\"column\">\n\t\t\t<div class=\"elementor-widget-wrap elementor-element-populated\">\n\t\t\t\t\t\t<div class=\"elementor-element elementor-element-af91f58 elementor-widget elementor-widget-text-editor\" data-id=\"af91f58\" data-element_type=\"widget\" data-e-type=\"widget\" data-widget_type=\"text-editor.default\">\n\t\t\t\t<div class=\"elementor-widget-container\">\n\t\t\t\t\t\t\t\t\t<p class=\"p1\"><span class=\"s1\">Los procedimientos de deportaci\u00f3n <\/span><span class=\"s1\">implican audiencias ante un juez de inmigraci\u00f3n para determinar si una <\/span><span class=\"s1\">persona puede permanecer en los EE. UU. <\/span><\/p><p class=\"p1\"><span class=\"s1\">Comienzan con un Aviso de <\/span><span class=\"s1\">comparecencia (NTA) que detalla los cargos y acusaciones contra el<\/span><span class=\"s1\">demandado. El gobierno debe probar los motivos de la destituci\u00f3n. La <\/span><span class=\"s1\">audiencia final, la audiencia de calendario individual, es m\u00e1s <\/span><span class=\"s1\">intensiva e involucra a un juez que revisa pruebas y argumentos legales.<\/span><\/p><p class=\"p1\"><span class=\"s1\">Las personas que buscan deportaci\u00f3n pueden impugnar los cargos del <\/span><span class=\"s1\">gobierno o la NTA mediante mociones para rescindir, suprimir, reabrir o <\/span><span class=\"s1\">reconsiderar.<\/span><\/p>\t\t\t\t\t\t\t\t<\/div>\n\t\t\t\t<\/div>\n\t\t\t\t\t<\/div>\n\t\t<\/div>\n\t\t\t\t<div class=\"elementor-column elementor-col-33 elementor-inner-column elementor-element elementor-element-faebc1e\" data-id=\"faebc1e\" data-element_type=\"column\" data-e-type=\"column\">\n\t\t\t<div class=\"elementor-widget-wrap elementor-element-populated\">\n\t\t\t\t\t\t<div class=\"elementor-element elementor-element-ee564e3 elementor-widget elementor-widget-text-editor\" data-id=\"ee564e3\" data-element_type=\"widget\" data-e-type=\"widget\" data-widget_type=\"text-editor.default\">\n\t\t\t\t<div class=\"elementor-widget-container\">\n\t\t\t\t\t\t\t\t\t<p class=\"p1\"><span class=\"s1\"> La clasificaci\u00f3n de Inmigrante Juvenil Especial (SIJ) puede estar <\/span><span class=\"s1\">disponible para personas estadounidenses que han sufrido abuso, abandono <\/span><span class=\"s1\">o negligencia y califican para residencia permanente legal o una Tarjeta <\/span><span class=\"s1\">Verde. <\/span><\/p>\t\t\t\t\t\t\t\t<\/div>\n\t\t\t\t<\/div>\n\t\t\t\t\t<\/div>\n\t\t<\/div>\n\t\t\t\t\t<\/div>\n\t\t<\/section>\n\t\t\t\t\t<\/div>\n\t\t<\/div>\n\t\t\t\t\t<\/div>\n\t\t<\/section>\n\t\t\t\t<\/div>\n\t\t","protected":false},"excerpt":{"rendered":"<p>Asilo Deportaci\u00f3n Visa Juvenil &#8211; SIJS Las personas que buscan protecci\u00f3n en los Estados Unidos por persecuci\u00f3n o temor a ser perseguida debido a su religi\u00f3n, raza, nacionalidad, membres\u00eda en un grupo social particular u opini\u00f3n pol\u00edtica, pueden solicitar asilo. Con excepciones limitadas, generalmente, debe solicitar asilo y presentar el Formulario I-589 dentro del a\u00f1o&#8230;<\/p>\n","protected":false},"author":4,"featured_media":0,"parent":0,"menu_order":0,"comment_status":"closed","ping_status":"closed","template":"templates\/blank.php","meta":{"_joinchat":[],"footnotes":""},"class_list":["post-12837","page","type-page","status-publish","hentry"],"_links":{"self":[{"href":"https:\/\/hispanicamericanlegalservices.com\/es\/wp-json\/wp\/v2\/pages\/12837","targetHints":{"allow":["GET"]}}],"collection":[{"href":"https:\/\/hispanicamericanlegalservices.com\/es\/wp-json\/wp\/v2\/pages"}],"about":[{"href":"https:\/\/hispanicamericanlegalservices.com\/es\/wp-json\/wp\/v2\/types\/page"}],"author":[{"embeddable":true,"href":"https:\/\/hispanicamericanlegalservices.com\/es\/wp-json\/wp\/v2\/users\/4"}],"replies":[{"embeddable":true,"href":"https:\/\/hispanicamericanlegalservices.com\/es\/wp-json\/wp\/v2\/comments?post=12837"}],"version-history":[{"count":5,"href":"https:\/\/hispanicamericanlegalservices.com\/es\/wp-json\/wp\/v2\/pages\/12837\/revisions"}],"predecessor-version":[{"id":12847,"href":"https:\/\/hispanicamericanlegalservices.com\/es\/wp-json\/wp\/v2\/pages\/12837\/revisions\/12847"}],"wp:attachment":[{"href":"https:\/\/hispanicamericanlegalservices.com\/es\/wp-json\/wp\/v2\/media?parent=12837"}],"curies":[{"name":"wp","href":"https:\/\/api.w.org\/{rel}","templated":true}]}}