{"id":1157,"date":"2020-12-08T07:12:44","date_gmt":"2020-12-08T13:12:44","guid":{"rendered":"http:\/\/2022.hispanicamericanlegalservices.com\/?page_id=1157"},"modified":"2024-08-16T12:51:56","modified_gmt":"2024-08-16T17:51:56","slug":"contactenos","status":"publish","type":"page","link":"https:\/\/hispanicamericanlegalservices.com\/es\/contactenos\/","title":{"rendered":"Cont\u00e1ctenos"},"content":{"rendered":"\t\t<div data-elementor-type=\"wp-page\" data-elementor-id=\"1157\" class=\"elementor elementor-1157\">\n\t\t\t\t\t\t<section class=\"elementor-section elementor-top-section elementor-element elementor-element-45bf0f9 contact-wrap-layout3 elementor-section-boxed elementor-section-height-default elementor-section-height-default\" data-id=\"45bf0f9\" data-element_type=\"section\" data-e-type=\"section\" data-settings=\"{&quot;background_background&quot;:&quot;classic&quot;}\">\n\t\t\t\t\t\t<div class=\"elementor-container elementor-column-gap-default\">\n\t\t\t\t\t<div class=\"elementor-column elementor-col-100 elementor-top-column elementor-element elementor-element-0ead464\" data-id=\"0ead464\" data-element_type=\"column\" data-e-type=\"column\">\n\t\t\t<div class=\"elementor-widget-wrap elementor-element-populated\">\n\t\t\t\t\t\t<section class=\"elementor-section elementor-inner-section elementor-element elementor-element-c496851 elementor-section-boxed elementor-section-height-default elementor-section-height-default\" data-id=\"c496851\" data-element_type=\"section\" data-e-type=\"section\">\n\t\t\t\t\t\t<div class=\"elementor-container elementor-column-gap-default\">\n\t\t\t\t\t<div class=\"elementor-column elementor-col-50 elementor-inner-column elementor-element elementor-element-834de94 contact-box-layout3 style2\" data-id=\"834de94\" data-element_type=\"column\" data-e-type=\"column\">\n\t\t\t<div class=\"elementor-widget-wrap elementor-element-populated\">\n\t\t\t\t\t\t<div class=\"elementor-element elementor-element-c4946e3 contact_heading elementor-widget elementor-widget-rt-section-heading\" data-id=\"c4946e3\" data-element_type=\"widget\" data-e-type=\"widget\" data-widget_type=\"rt-section-heading.default\">\n\t\t\t\t<div class=\"elementor-widget-container\">\n\t\t\t\t\t\n\n<div class=\"section-heading heading-dark margin-bottom\">\n\t\t<h2 class=\"heading-main-title\">Consultas en persona<\/h2>\n\t<\/div>\t\t\t\t<\/div>\n\t\t\t\t<\/div>\n\t\t\t\t<div class=\"elementor-element elementor-element-8e689ed elementor-widget elementor-widget-rt-contact-box\" data-id=\"8e689ed\" data-element_type=\"widget\" data-e-type=\"widget\" data-widget_type=\"rt-contact-box.default\">\n\t\t\t\t<div class=\"elementor-widget-container\">\n\t\t\t\t\t\n<ul class=\"address-items\">\n    <li>\n        <div class=\"media\">\n            <div class=\"item-icon\">\n                <i class=\"flaticon-phone\"><\/i>\n            <\/div>\n            <div class=\"media-body space-md\">\n                                <h3 class=\"item-title\">N\u00famero tel\u00e9fonico<\/h3>\n                                <p>+1 773.309.2121<\/p>\n                            <\/div>\n        <\/div>\n    <\/li>\n    <li>\n        <div class=\"media\">\n            <div class=\"item-icon\">\n                <i class=\"flaticon-mail\"><\/i>\n            <\/div>\n            <div class=\"media-body space-md\">\n                                <h3 class=\"item-title\">Correo electr\u00f3nico<\/h3>\n                                <p>inmigracionayuda@gmail.com<\/p>\n                            <\/div>\n        <\/div>\n    <\/li>\n    <li>\n        <div class=\"media\">\n            <div class=\"item-icon\">\n                <i class=\"flaticon-pin\"><\/i>\n            <\/div>\n            <div class=\"media-body space-md\">\n                                <h3 class=\"item-title\">Direccion<\/h3>\n                                <p><span>1730 Park St Suite 203 Naperville IL 60563\n\n<\/span><\/p>\n                            <\/div>\n        <\/div>\n    <\/li>\n<\/ul>\t\t\t\t<\/div>\n\t\t\t\t<\/div>\n\t\t\t\t\t<\/div>\n\t\t<\/div>\n\t\t\t\t<div class=\"elementor-column elementor-col-50 elementor-inner-column elementor-element elementor-element-e25ba25 contact-box-layout3 mr-30\" data-id=\"e25ba25\" data-element_type=\"column\" data-e-type=\"column\">\n\t\t\t<div class=\"elementor-widget-wrap elementor-element-populated\">\n\t\t\t\t\t\t<div class=\"elementor-element elementor-element-35f74b3 elementor-widget elementor-widget-image\" data-id=\"35f74b3\" data-element_type=\"widget\" data-e-type=\"widget\" data-widget_type=\"image.default\">\n\t\t\t\t<div class=\"elementor-widget-container\">\n\t\t\t\t\t\t\t\t\t\t\t\t\t\t\t<img decoding=\"async\" width=\"245\" height=\"96\" src=\"https:\/\/hispanicamericanlegalservices.com\/wp-content\/uploads\/2022\/02\/cropped-logohorizontal.png\" class=\"attachment-large size-large wp-image-8916\" alt=\"\" \/>\t\t\t\t\t\t\t\t\t\t\t\t\t\t\t<\/div>\n\t\t\t\t<\/div>\n\t\t\t\t<div class=\"elementor-element elementor-element-92b573e contact_heading elementor-widget elementor-widget-rt-section-heading\" data-id=\"92b573e\" data-element_type=\"widget\" data-e-type=\"widget\" data-widget_type=\"rt-section-heading.default\">\n\t\t\t\t<div class=\"elementor-widget-container\">\n\t\t\t\t\t\n\n<div class=\"section-heading heading-dark margin-bottom\">\n\t\t<h2 class=\"heading-main-title\">Formulario de contacto<\/h2>\n\t\t<p><p>Si desea una consulta en las oficinas de la abogada Liliana Jones o una video llamada por favor de click en el siguiente bot\u00f3n y responda todas las preguntas.<\/p><p>Nos pondremos en contacto con usted.<\/p><\/p>\n\t<\/div>\t\t\t\t<\/div>\n\t\t\t\t<\/div>\n\t\t\t\t<div class=\"elementor-element elementor-element-ad306ac elementor-align-center elementor-widget elementor-widget-button\" data-id=\"ad306ac\" data-element_type=\"widget\" data-e-type=\"widget\" data-widget_type=\"button.default\">\n\t\t\t\t<div class=\"elementor-widget-container\">\n\t\t\t\t\t\t\t\t\t<div class=\"elementor-button-wrapper\">\n\t\t\t\t\t<a class=\"elementor-button elementor-button-link elementor-size-lg elementor-animation-bounce-in\" href=\"https:\/\/app.docketwise.com\/firm_leads\/public_new?uuid=5293133b-66ce-4843-8f93-afa6be263752\">\n\t\t\t\t\t\t<span class=\"elementor-button-content-wrapper\">\n\t\t\t\t\t\t\t\t\t<span class=\"elementor-button-text\">Cont\u00e1ctenos<\/span>\n\t\t\t\t\t<\/span>\n\t\t\t\t\t<\/a>\n\t\t\t\t<\/div>\n\t\t\t\t\t\t\t\t<\/div>\n\t\t\t\t<\/div>\n\t\t\t\t\t<\/div>\n\t\t<\/div>\n\t\t\t\t\t<\/div>\n\t\t<\/section>\n\t\t\t\t<div class=\"elementor-element elementor-element-ee3988d elementor-widget elementor-widget-heading\" data-id=\"ee3988d\" data-element_type=\"widget\" data-e-type=\"widget\" data-widget_type=\"heading.default\">\n\t\t\t\t<div class=\"elementor-widget-container\">\n\t\t\t\t\t<h4 class=\"elementor-heading-title elementor-size-default\">Cont\u00e1ctenos v\u00eda WhatsApp:\n\n<\/h4>\t\t\t\t<\/div>\n\t\t\t\t<\/div>\n\t\t\t\t<div class=\"elementor-element elementor-element-3488abe elementor-icon-list--layout-inline elementor-align-center elementor-list-item-link-full_width elementor-widget elementor-widget-icon-list\" data-id=\"3488abe\" data-element_type=\"widget\" data-e-type=\"widget\" data-widget_type=\"icon-list.default\">\n\t\t\t\t<div class=\"elementor-widget-container\">\n\t\t\t\t\t\t\t<ul class=\"elementor-icon-list-items elementor-inline-items\">\n\t\t\t\t\t\t\t<li class=\"elementor-icon-list-item elementor-inline-item\">\n\t\t\t\t\t\t\t\t\t\t\t<a href=\"https:\/\/api.whatsapp.com\/send?phone=16304841268&#038;text=Hola.%20Me%20contacto%20desde%20la%20pagina%20web.%20Mi%20nombre%20es%20:\" target=\"_blank\">\n\n\t\t\t\t\t\t\t\t\t\t\t\t<span class=\"elementor-icon-list-icon\">\n\t\t\t\t\t\t\t<i aria-hidden=\"true\" class=\"fab fa-whatsapp-square\"><\/i>\t\t\t\t\t\t<\/span>\n\t\t\t\t\t\t\t\t\t\t<span class=\"elementor-icon-list-text\">WhatsApp: +1 (630) 484 1268<\/span>\n\t\t\t\t\t\t\t\t\t\t\t<\/a>\n\t\t\t\t\t\t\t\t\t<\/li>\n\t\t\t\t\t\t<\/ul>\n\t\t\t\t\t\t<\/div>\n\t\t\t\t<\/div>\n\t\t\t\t\t<\/div>\n\t\t<\/div>\n\t\t\t\t\t<\/div>\n\t\t<\/section>\n\t\t\t\t<section class=\"elementor-section elementor-top-section elementor-element elementor-element-12b738e elementor-section-boxed elementor-section-height-default elementor-section-height-default\" data-id=\"12b738e\" data-element_type=\"section\" data-e-type=\"section\">\n\t\t\t\t\t\t<div class=\"elementor-container elementor-column-gap-default\">\n\t\t\t\t\t<div class=\"elementor-column elementor-col-100 elementor-top-column elementor-element elementor-element-63f848e\" data-id=\"63f848e\" data-element_type=\"column\" data-e-type=\"column\">\n\t\t\t<div class=\"elementor-widget-wrap elementor-element-populated\">\n\t\t\t\t\t\t<div class=\"elementor-element elementor-element-44a6e06 elementor-widget elementor-widget-google_maps\" data-id=\"44a6e06\" data-element_type=\"widget\" data-e-type=\"widget\" data-widget_type=\"google_maps.default\">\n\t\t\t\t<div class=\"elementor-widget-container\">\n\t\t\t\t\t\t\t<div class=\"elementor-custom-embed\">\n\t\t\t<iframe loading=\"lazy\"\n\t\t\t\t\tsrc=\"https:\/\/maps.google.com\/maps?q=1730%20Park%20St%20Suite%20203%20Naperville%20IL%2060563&#038;t=m&#038;z=12&#038;output=embed&#038;iwloc=near\"\n\t\t\t\t\ttitle=\"1730 Park St Suite 203 Naperville IL 60563\"\n\t\t\t\t\taria-label=\"1730 Park St Suite 203 Naperville IL 60563\"\n\t\t\t><\/iframe>\n\t\t<\/div>\n\t\t\t\t\t\t<\/div>\n\t\t\t\t<\/div>\n\t\t\t\t\t<\/div>\n\t\t<\/div>\n\t\t\t\t\t<\/div>\n\t\t<\/section>\n\t\t\t\t<\/div>\n\t\t","protected":false},"excerpt":{"rendered":"<p>Consultas en persona N\u00famero tel\u00e9fonico +1 773.309.2121 Correo electr\u00f3nico inmigracionayuda@gmail.com Direccion 1730 Park St Suite 203 Naperville IL 60563 Formulario de contacto Si desea una consulta en las oficinas de la abogada Liliana Jones o una video llamada por favor de click en el siguiente bot\u00f3n y responda todas las preguntas. Nos pondremos en contacto&#8230;<\/p>\n","protected":false},"author":3,"featured_media":0,"parent":0,"menu_order":0,"comment_status":"closed","ping_status":"closed","template":"templates\/blank.php","meta":{"_joinchat":[],"footnotes":""},"class_list":["post-1157","page","type-page","status-publish","hentry"],"_links":{"self":[{"href":"https:\/\/hispanicamericanlegalservices.com\/es\/wp-json\/wp\/v2\/pages\/1157","targetHints":{"allow":["GET"]}}],"collection":[{"href":"https:\/\/hispanicamericanlegalservices.com\/es\/wp-json\/wp\/v2\/pages"}],"about":[{"href":"https:\/\/hispanicamericanlegalservices.com\/es\/wp-json\/wp\/v2\/types\/page"}],"author":[{"embeddable":true,"href":"https:\/\/hispanicamericanlegalservices.com\/es\/wp-json\/wp\/v2\/users\/3"}],"replies":[{"embeddable":true,"href":"https:\/\/hispanicamericanlegalservices.com\/es\/wp-json\/wp\/v2\/comments?post=1157"}],"version-history":[{"count":5,"href":"https:\/\/hispanicamericanlegalservices.com\/es\/wp-json\/wp\/v2\/pages\/1157\/revisions"}],"predecessor-version":[{"id":13929,"href":"https:\/\/hispanicamericanlegalservices.com\/es\/wp-json\/wp\/v2\/pages\/1157\/revisions\/13929"}],"wp:attachment":[{"href":"https:\/\/hispanicamericanlegalservices.com\/es\/wp-json\/wp\/v2\/media?parent=1157"}],"curies":[{"name":"wp","href":"https:\/\/api.w.org\/{rel}","templated":true}]}}