{"id":10179,"date":"2022-04-15T09:08:14","date_gmt":"2022-04-15T14:08:14","guid":{"rendered":"https:\/\/hispanicamericanlegalservices.com\/?page_id=10179"},"modified":"2022-04-15T09:14:21","modified_gmt":"2022-04-15T14:14:21","slug":"permisos-de-trabajo","status":"publish","type":"page","link":"https:\/\/hispanicamericanlegalservices.com\/es\/permisos-de-trabajo\/","title":{"rendered":"Permisos de trabajo"},"content":{"rendered":"\t\t<div data-elementor-type=\"wp-page\" data-elementor-id=\"10179\" class=\"elementor elementor-10179\">\n\t\t\t\t\t\t<section class=\"elementor-section elementor-top-section elementor-element elementor-element-a52f623 elementor-section-boxed elementor-section-height-default elementor-section-height-default\" data-id=\"a52f623\" data-element_type=\"section\" data-e-type=\"section\">\n\t\t\t\t\t\t<div class=\"elementor-container elementor-column-gap-default\">\n\t\t\t\t\t<div class=\"elementor-column elementor-col-100 elementor-top-column elementor-element elementor-element-e19583c\" data-id=\"e19583c\" data-element_type=\"column\" data-e-type=\"column\">\n\t\t\t<div class=\"elementor-widget-wrap elementor-element-populated\">\n\t\t\t\t\t\t<div class=\"elementor-element elementor-element-f706db4 elementor-widget elementor-widget-text-editor\" data-id=\"f706db4\" data-element_type=\"widget\" data-e-type=\"widget\" data-widget_type=\"text-editor.default\">\n\t\t\t\t<div class=\"elementor-widget-container\">\n\t\t\t\t\t\t\t\t\tEs un permiso que otorga el gobierno de los EE. UU a las personas que est\u00e1n dentro de este pa\u00eds y que est\u00e1n adelantando un tr\u00e1mite de ajuste de estatus. \t\t\t\t\t\t\t\t<\/div>\n\t\t\t\t<\/div>\n\t\t\t\t\t<\/div>\n\t\t<\/div>\n\t\t\t\t\t<\/div>\n\t\t<\/section>\n\t\t\t\t<\/div>\n\t\t","protected":false},"excerpt":{"rendered":"<p>Es un permiso que otorga el gobierno de los EE. UU a las personas que est\u00e1n dentro de este pa\u00eds y que est\u00e1n adelantando un tr\u00e1mite de ajuste de estatus.<\/p>\n","protected":false},"author":2,"featured_media":0,"parent":0,"menu_order":0,"comment_status":"closed","ping_status":"closed","template":"","meta":{"_joinchat":[],"footnotes":""},"class_list":["post-10179","page","type-page","status-publish","hentry"],"_links":{"self":[{"href":"https:\/\/hispanicamericanlegalservices.com\/es\/wp-json\/wp\/v2\/pages\/10179","targetHints":{"allow":["GET"]}}],"collection":[{"href":"https:\/\/hispanicamericanlegalservices.com\/es\/wp-json\/wp\/v2\/pages"}],"about":[{"href":"https:\/\/hispanicamericanlegalservices.com\/es\/wp-json\/wp\/v2\/types\/page"}],"author":[{"embeddable":true,"href":"https:\/\/hispanicamericanlegalservices.com\/es\/wp-json\/wp\/v2\/users\/2"}],"replies":[{"embeddable":true,"href":"https:\/\/hispanicamericanlegalservices.com\/es\/wp-json\/wp\/v2\/comments?post=10179"}],"version-history":[{"count":10,"href":"https:\/\/hispanicamericanlegalservices.com\/es\/wp-json\/wp\/v2\/pages\/10179\/revisions"}],"predecessor-version":[{"id":10205,"href":"https:\/\/hispanicamericanlegalservices.com\/es\/wp-json\/wp\/v2\/pages\/10179\/revisions\/10205"}],"wp:attachment":[{"href":"https:\/\/hispanicamericanlegalservices.com\/es\/wp-json\/wp\/v2\/media?parent=10179"}],"curies":[{"name":"wp","href":"https:\/\/api.w.org\/{rel}","templated":true}]}}