{"id":9103,"date":"2022-02-03T16:53:43","date_gmt":"2022-02-03T22:53:43","guid":{"rendered":"https:\/\/2022.hispanicamericanlegalservices.com\/es\/?page_id=9103"},"modified":"2022-02-27T10:00:41","modified_gmt":"2022-02-27T16:00:41","slug":"foia","status":"publish","type":"page","link":"https:\/\/hispanicamericanlegalservices.com\/en\/foia\/","title":{"rendered":"FOIA"},"content":{"rendered":"<div data-elementor-type=\"wp-page\" data-elementor-id=\"9103\" class=\"elementor elementor-9103\">\n\t\t\t\t\t\t<section class=\"elementor-section elementor-top-section elementor-element elementor-element-3f5903c2 elementor-section-boxed elementor-section-height-default elementor-section-height-default\" data-id=\"3f5903c2\" data-element_type=\"section\" data-e-type=\"section\" data-settings=\"{&quot;background_background&quot;:&quot;classic&quot;}\">\n\t\t\t\t\t\t<div class=\"elementor-container elementor-column-gap-default\">\n\t\t\t\t\t<div class=\"elementor-column elementor-col-100 elementor-top-column elementor-element elementor-element-e507c5a\" data-id=\"e507c5a\" data-element_type=\"column\" data-e-type=\"column\">\n\t\t\t<div class=\"elementor-widget-wrap elementor-element-populated\">\n\t\t\t\t\t\t<div class=\"elementor-element elementor-element-745b6a14 elementor-widget elementor-widget-video\" data-id=\"745b6a14\" data-element_type=\"widget\" data-e-type=\"widget\" data-settings=\"{&quot;youtube_url&quot;:&quot;https:\\\/\\\/www.youtube.com\\\/watch?v=_ur5i3r-N6o&quot;,&quot;video_type&quot;:&quot;youtube&quot;,&quot;controls&quot;:&quot;yes&quot;}\" data-widget_type=\"video.default\">\n\t\t\t\t<div class=\"elementor-widget-container\">\n\t\t\t\t\t\t\t<div class=\"elementor-wrapper elementor-open-inline\">\n\t\t\t<div class=\"elementor-video\"><\/div>\t\t<\/div>\n\t\t\t\t\t\t<\/div>\n\t\t\t\t<\/div>\n\t\t\t\t\t<\/div>\n\t\t<\/div>\n\t\t\t\t\t<\/div>\n\t\t<\/section>\n\t\t\t\t<section class=\"elementor-section elementor-top-section elementor-element elementor-element-3f1c446e elementor-section-boxed elementor-section-height-default elementor-section-height-default\" data-id=\"3f1c446e\" data-element_type=\"section\" data-e-type=\"section\">\n\t\t\t\t\t\t<div class=\"elementor-container elementor-column-gap-default\">\n\t\t\t\t\t<div class=\"elementor-column elementor-col-100 elementor-top-column elementor-element elementor-element-67d16589\" data-id=\"67d16589\" data-element_type=\"column\" data-e-type=\"column\">\n\t\t\t<div class=\"elementor-widget-wrap elementor-element-populated\">\n\t\t\t\t\t\t<div class=\"elementor-element elementor-element-37c9f7d elementor-widget elementor-widget-text-editor\" data-id=\"37c9f7d\" data-element_type=\"widget\" data-e-type=\"widget\" data-widget_type=\"text-editor.default\">\n\t\t\t\t<div class=\"elementor-widget-container\">\n\t\t\t\t\t\t\t\t\t<p>\u201cDesde 1967 la ley de libertad de informaci\u00f3n (ACT) FOIA provee al p\u00fablico el derecho de solicitar acceso a los registros desde cualquier agencia federal. A menudo se describe al FOIA como la ley ciudadana que provee informaci\u00f3n y los mantiene al tanto de su gobierno. Las agencias federales est\u00e1n en el deber de proporcionar cualquier informaci\u00f3n solicitada a trav\u00e9s del FOIA, a menos de estar bajo una de las 9 excepciones que protegen los siguientes intereses tal como la privacidad personal, seguridad nacional, y aplicaci\u00f3n de la ley. Se puede realizar una solicitud de FOIA a cualquier registro de las agencias. Usted tambi\u00e9n podr\u00e1 especificar el formato en el cual desea recibir la respuesta del registro (por ejemplo, formulario impreso o por correo electr\u00f3nico).<\/p><p>Generalmente las agencias procesan las solicitudes en orden de recepci\u00f3n. El tiempo que tarda una agencia en responder una solicitud podr\u00eda variar, ya que depende de la complejidad de la solicitud y de la cantidad de peticiones pendientes en resolver. Las solicitudes complejas normalmente buscan un alto volumen de material o requieren pasos adicionales para procesar tal como la necesidad de buscar registros en m\u00faltiples ubicaciones. El centro de servicio de solicitantes FOIA est\u00e1 disponible para asistirlo con cualquier pregunta o inquietud sobre el estado de su solicitud; o cualquier paso que usted pueda realizar con el fin de recibir una respuesta r\u00e1pida.\u201d<\/p>\t\t\t\t\t\t\t\t<\/div>\n\t\t\t\t<\/div>\n\t\t\t\t<div class=\"elementor-element elementor-element-2ec113ce elementor-widget elementor-widget-heading\" data-id=\"2ec113ce\" data-element_type=\"widget\" data-e-type=\"widget\" data-widget_type=\"heading.default\">\n\t\t\t\t<div class=\"elementor-widget-container\">\n\t\t\t\t\t<h3 class=\"elementor-heading-title elementor-size-default\">\u00bfD\u00f3nde podemos realizar una solicitud de FOIA por usted?<\/h3>\t\t\t\t<\/div>\n\t\t\t\t<\/div>\n\t\t\t\t<div class=\"elementor-element elementor-element-be6c124 elementor-icon-list--layout-traditional elementor-list-item-link-full_width elementor-widget elementor-widget-icon-list\" data-id=\"be6c124\" data-element_type=\"widget\" data-e-type=\"widget\" data-widget_type=\"icon-list.default\">\n\t\t\t\t<div class=\"elementor-widget-container\">\n\t\t\t\t\t\t\t<ul class=\"elementor-icon-list-items\">\n\t\t\t\t\t\t\t<li class=\"elementor-icon-list-item\">\n\t\t\t\t\t\t\t\t\t\t\t<span class=\"elementor-icon-list-icon\">\n\t\t\t\t\t\t\t<i aria-hidden=\"true\" class=\"fas fa-check\"><\/i>\t\t\t\t\t\t<\/span>\n\t\t\t\t\t\t\t\t\t\t<span class=\"elementor-icon-list-text\">DEPARTAMENTO DE JUSTICIA<\/span>\n\t\t\t\t\t\t\t\t\t<\/li>\n\t\t\t\t\t\t\t\t<li class=\"elementor-icon-list-item\">\n\t\t\t\t\t\t\t\t\t\t\t<span class=\"elementor-icon-list-icon\">\n\t\t\t\t\t\t\t<i aria-hidden=\"true\" class=\"fas fa-check\"><\/i>\t\t\t\t\t\t<\/span>\n\t\t\t\t\t\t\t\t\t\t<span class=\"elementor-icon-list-text\">DEPARTAMENTO DE ESTADO<\/span>\n\t\t\t\t\t\t\t\t\t<\/li>\n\t\t\t\t\t\t\t\t<li class=\"elementor-icon-list-item\">\n\t\t\t\t\t\t\t\t\t\t\t<span class=\"elementor-icon-list-icon\">\n\t\t\t\t\t\t\t<i aria-hidden=\"true\" class=\"fas fa-check\"><\/i>\t\t\t\t\t\t<\/span>\n\t\t\t\t\t\t\t\t\t\t<span class=\"elementor-icon-list-text\">DEPARTAMENTO DE SEGURIDAD PARA EL HOGAR<\/span>\n\t\t\t\t\t\t\t\t\t<\/li>\n\t\t\t\t\t\t\t\t<li class=\"elementor-icon-list-item\">\n\t\t\t\t\t\t\t\t\t\t\t<span class=\"elementor-icon-list-icon\">\n\t\t\t\t\t\t\t<i aria-hidden=\"true\" class=\"fas fa-check\"><\/i>\t\t\t\t\t\t<\/span>\n\t\t\t\t\t\t\t\t\t\t<span class=\"elementor-icon-list-text\">PROTECCI\u00d3N FRONTERIZA PERSONALIZADA<\/span>\n\t\t\t\t\t\t\t\t\t<\/li>\n\t\t\t\t\t\t\t\t<li class=\"elementor-icon-list-item\">\n\t\t\t\t\t\t\t\t\t\t\t<span class=\"elementor-icon-list-icon\">\n\t\t\t\t\t\t\t<i aria-hidden=\"true\" class=\"fas fa-check\"><\/i>\t\t\t\t\t\t<\/span>\n\t\t\t\t\t\t\t\t\t\t<span class=\"elementor-icon-list-text\">ICE<\/span>\n\t\t\t\t\t\t\t\t\t<\/li>\n\t\t\t\t\t\t\t\t<li class=\"elementor-icon-list-item\">\n\t\t\t\t\t\t\t\t\t\t\t<span class=\"elementor-icon-list-icon\">\n\t\t\t\t\t\t\t<i aria-hidden=\"true\" class=\"fas fa-check\"><\/i>\t\t\t\t\t\t<\/span>\n\t\t\t\t\t\t\t\t\t\t<span class=\"elementor-icon-list-text\">USCIS<\/span>\n\t\t\t\t\t\t\t\t\t<\/li>\n\t\t\t\t\t\t<\/ul>\n\t\t\t\t\t\t<\/div>\n\t\t\t\t<\/div>\n\t\t\t\t\t<\/div>\n\t\t<\/div>\n\t\t\t\t\t<\/div>\n\t\t<\/section>\n\t\t\t\t<section class=\"elementor-section elementor-top-section elementor-element elementor-element-110cc5e0 elementor-section-boxed elementor-section-height-default elementor-section-height-default\" data-id=\"110cc5e0\" data-element_type=\"section\" data-e-type=\"section\" data-settings=\"{&quot;background_background&quot;:&quot;classic&quot;}\">\n\t\t\t\t\t\t<div class=\"elementor-container elementor-column-gap-default\">\n\t\t\t\t\t<div class=\"elementor-column elementor-col-100 elementor-top-column elementor-element elementor-element-2ec2beb3\" data-id=\"2ec2beb3\" data-element_type=\"column\" data-e-type=\"column\">\n\t\t\t<div class=\"elementor-widget-wrap elementor-element-populated\">\n\t\t\t\t\t\t<div class=\"elementor-element elementor-element-51c3031 elementor-widget elementor-widget-heading\" data-id=\"51c3031\" data-element_type=\"widget\" data-e-type=\"widget\" data-widget_type=\"heading.default\">\n\t\t\t\t<div class=\"elementor-widget-container\">\n\t\t\t\t\t<h4 class=\"elementor-heading-title elementor-size-default\">Si est\u00e1 interesado en saber m\u00e1s acerca de las diferentes clases de perd\u00f3n, no dude en contactarnos.\n\n<\/h4>\t\t\t\t<\/div>\n\t\t\t\t<\/div>\n\t\t\t\t\t<\/div>\n\t\t<\/div>\n\t\t\t\t\t<\/div>\n\t\t<\/section>\n\t\t\t\t<section class=\"elementor-section elementor-top-section elementor-element elementor-element-67daaa30 elementor-section-stretched elementor-section-boxed elementor-section-height-default elementor-section-height-default\" data-id=\"67daaa30\" data-element_type=\"section\" data-e-type=\"section\" data-settings=\"{&quot;stretch_section&quot;:&quot;section-stretched&quot;,&quot;background_background&quot;:&quot;classic&quot;}\">\n\t\t\t\t\t\t<div class=\"elementor-container elementor-column-gap-no\">\n\t\t\t\t\t<div class=\"elementor-column elementor-col-100 elementor-top-column elementor-element elementor-element-6d545b97\" data-id=\"6d545b97\" data-element_type=\"column\" data-e-type=\"column\">\n\t\t\t<div class=\"elementor-widget-wrap elementor-element-populated\">\n\t\t\t\t\t\t<div class=\"elementor-element elementor-element-59da23ac elementor-widget elementor-widget-rt-cta\" data-id=\"59da23ac\" data-element_type=\"widget\" data-e-type=\"widget\" data-widget_type=\"rt-cta.default\">\n\t\t\t\t<div class=\"elementor-widget-container\">\n\t\t\t\t\t\n\n<!--=====================================-->\n<!--=     Call To Action Area Start     =-->\n<!--=====================================-->\n<section class=\"call-to-action-wrap-layout1 has-animation\">\n        <div class=\"animated-figure\">\n        <div class=\"translate-right-50 transition-100 opacity-animation transition-delay-100\">\n            <img fetchpriority=\"high\" decoding=\"async\" width=\"330\" height=\"300\" src=\"https:\/\/hispanicamericanlegalservices.com\/wp-content\/uploads\/2020\/12\/banner1.png\" class=\"attachment-full size-full\" alt=\"\" \/>        <\/div>\n    <\/div>\n        <div class=\"row\">\n        <div class=\"col-lg-8 col-12\">\n                        <div class=\"call-to-action-box-layout1\">\n                <h2 class=\"item-title\">\u00bfTienes preguntas?<br \/>Siempre estamos dispuestos a ayudarte<\/h2>\n            <\/div>\n                    <\/div>\n        <div class=\"col-lg-4 col-12 d-flex align-items-center justify-content-center justify-content-lg-end\">\n                        <div class=\"call-to-action-box-layout1\">\n                <a href=\"http:\/\/lilianajones.ctcin.bio\/\" class=\"btn-fill\">Resources \/ See More<\/a>\n            <\/div>\n                    <\/div>\n    <\/div>\n<\/section>\t\t\t\t<\/div>\n\t\t\t\t<\/div>\n\t\t\t\t\t<\/div>\n\t\t<\/div>\n\t\t\t\t\t<\/div>\n\t\t<\/section>\n\t\t\t\t<\/div>","protected":false},"excerpt":{"rendered":"<p>https:\/\/www.youtube.com\/watch?v=_ur5i3r-N6o \u201cDesde 1967 la ley de libertad de informaci\u00f3n (ACT) FOIA provee al p\u00fablico el derecho de solicitar acceso a los registros desde cualquier agencia federal. A menudo se describe al FOIA como la ley ciudadana que provee informaci\u00f3n y los mantiene al tanto de su gobierno. Las agencias federales est\u00e1n en el deber de&#8230;<\/p>","protected":false},"author":2,"featured_media":0,"parent":0,"menu_order":0,"comment_status":"closed","ping_status":"closed","template":"templates\/blank.php","meta":{"_joinchat":[],"footnotes":""},"class_list":["post-9103","page","type-page","status-publish","hentry"],"_links":{"self":[{"href":"https:\/\/hispanicamericanlegalservices.com\/en\/wp-json\/wp\/v2\/pages\/9103","targetHints":{"allow":["GET"]}}],"collection":[{"href":"https:\/\/hispanicamericanlegalservices.com\/en\/wp-json\/wp\/v2\/pages"}],"about":[{"href":"https:\/\/hispanicamericanlegalservices.com\/en\/wp-json\/wp\/v2\/types\/page"}],"author":[{"embeddable":true,"href":"https:\/\/hispanicamericanlegalservices.com\/en\/wp-json\/wp\/v2\/users\/2"}],"replies":[{"embeddable":true,"href":"https:\/\/hispanicamericanlegalservices.com\/en\/wp-json\/wp\/v2\/comments?post=9103"}],"version-history":[{"count":18,"href":"https:\/\/hispanicamericanlegalservices.com\/en\/wp-json\/wp\/v2\/pages\/9103\/revisions"}],"predecessor-version":[{"id":9905,"href":"https:\/\/hispanicamericanlegalservices.com\/en\/wp-json\/wp\/v2\/pages\/9103\/revisions\/9905"}],"wp:attachment":[{"href":"https:\/\/hispanicamericanlegalservices.com\/en\/wp-json\/wp\/v2\/media?parent=9103"}],"curies":[{"name":"wp","href":"https:\/\/api.w.org\/{rel}","templated":true}]}}