{"id":9098,"date":"2022-02-03T16:53:43","date_gmt":"2022-02-03T22:53:43","guid":{"rendered":"https:\/\/2022.hispanicamericanlegalservices.com\/es\/?page_id=9098"},"modified":"2022-02-27T10:04:37","modified_gmt":"2022-02-27T16:04:37","slug":"tarjeta-verde-a-traves-de-una-oferta-de-empleo","status":"publish","type":"page","link":"https:\/\/hispanicamericanlegalservices.com\/en\/tarjeta-verde-a-traves-de-una-oferta-de-empleo\/","title":{"rendered":"Green Card through a job offer"},"content":{"rendered":"<div data-elementor-type=\"wp-page\" data-elementor-id=\"9098\" class=\"elementor elementor-9098\">\n\t\t\t\t\t\t<section class=\"elementor-section elementor-top-section elementor-element elementor-element-12e0e3d2 elementor-section-boxed elementor-section-height-default elementor-section-height-default\" data-id=\"12e0e3d2\" data-element_type=\"section\" data-e-type=\"section\">\n\t\t\t\t\t\t<div class=\"elementor-container elementor-column-gap-default\">\n\t\t\t\t\t<div class=\"elementor-column elementor-col-100 elementor-top-column elementor-element elementor-element-3ee876dd\" data-id=\"3ee876dd\" data-element_type=\"column\" data-e-type=\"column\">\n\t\t\t<div class=\"elementor-widget-wrap elementor-element-populated\">\n\t\t\t\t\t\t<div class=\"elementor-element elementor-element-698e6ec6 elementor-widget elementor-widget-heading\" data-id=\"698e6ec6\" data-element_type=\"widget\" data-e-type=\"widget\" data-widget_type=\"heading.default\">\n\t\t\t\t<div class=\"elementor-widget-container\">\n\t\t\t\t\t<h3 class=\"elementor-heading-title elementor-size-default\">1. OFERTA DE EMPLEO\n<\/h3>\t\t\t\t<\/div>\n\t\t\t\t<\/div>\n\t\t\t\t<div class=\"elementor-element elementor-element-01c9162 elementor-widget elementor-widget-text-editor\" data-id=\"01c9162\" data-element_type=\"widget\" data-e-type=\"widget\" data-widget_type=\"text-editor.default\">\n\t\t\t\t<div class=\"elementor-widget-container\">\n\t\t\t\t\t\t\t\t\t<p>Si desea solicitar una tarjeta verde (residencia permanente) con base en el hecho de que usted tiene una oportunidad de empleo permanente en los Estados Unidos, o si usted es un empleador que quiera patrocinar a alguien para una tarjeta verde basada en la oferta de un empleo permanente en la Estados Unidos, y el beneficiario se encuentra dentro o fuera de los Estados Unidos lo invitamos a que nos llame o nos deje sus datos y nos pondremos en contacto con usted.<\/p>\t\t\t\t\t\t\t\t<\/div>\n\t\t\t\t<\/div>\n\t\t\t\t<div class=\"elementor-element elementor-element-9e669bf elementor-widget elementor-widget-heading\" data-id=\"9e669bf\" data-element_type=\"widget\" data-e-type=\"widget\" data-widget_type=\"heading.default\">\n\t\t\t\t<div class=\"elementor-widget-container\">\n\t\t\t\t\t<h3 class=\"elementor-heading-title elementor-size-default\">2. NEGOCIO O INVERSI\u00d3N\n<\/h3>\t\t\t\t<\/div>\n\t\t\t\t<\/div>\n\t\t\t\t<div class=\"elementor-element elementor-element-6b0d2d7 elementor-widget elementor-widget-text-editor\" data-id=\"6b0d2d7\" data-element_type=\"widget\" data-e-type=\"widget\" data-widget_type=\"text-editor.default\">\n\t\t\t\t<div class=\"elementor-widget-container\">\n\t\t\t\t\t\t\t\t\t<p>La Visa EB-5 permite a los empresarios (y sus c\u00f3nyuges e hijos solteros menores de 21 a\u00f1os ) que hacen una inversi\u00f3n en una empresa comercial en los Estados Unidos y que planean crear o conservar diez puestos de trabajo permanentes de tiempo completo para trabajadores calificados de los Estados Unidos , son elegibles para solicitar una tarjeta de residencia ( residencia permanente ) .<\/p><p>Usted debe invertir $ USD 1.000.000, o por lo menos $USD 500.000 en \u00e1reas de empleo especificas (con alto desempleo o \u00e1reas rurales).<\/p><p>Si Ud. se encuentra dentro o fuera de los Estados Unidos, p\u00f3ngase en contacto con nosotros ll\u00e1menos o d\u00e9jenos sus datos, nos pondremos en contacto con usted.<\/p>\t\t\t\t\t\t\t\t<\/div>\n\t\t\t\t<\/div>\n\t\t\t\t<div class=\"elementor-element elementor-element-69db0df elementor-widget elementor-widget-heading\" data-id=\"69db0df\" data-element_type=\"widget\" data-e-type=\"widget\" data-widget_type=\"heading.default\">\n\t\t\t\t<div class=\"elementor-widget-container\">\n\t\t\t\t\t<h3 class=\"elementor-heading-title elementor-size-default\">3. SOLICITUD COMO INDEPENDIENTE\n<\/h3>\t\t\t\t<\/div>\n\t\t\t\t<\/div>\n\t\t\t\t<div class=\"elementor-element elementor-element-f125d54 elementor-widget elementor-widget-text-editor\" data-id=\"f125d54\" data-element_type=\"widget\" data-e-type=\"widget\" data-widget_type=\"text-editor.default\">\n\t\t\t\t<div class=\"elementor-widget-container\">\n\t\t\t\t\t\t\t\t\tEn dos clasificaciones para poder obtener la residencia como trabajador inmigrante, no se les exige a los trabajadores que tengan una oferta de trabajo y que puedan por lo tanto presentar una auto-petici\u00f3n (el trabajador no necesita un empleador que lo patrocine). Estas categor\u00edas incluyen:\t\t\t\t\t\t\t\t<\/div>\n\t\t\t\t<\/div>\n\t\t\t\t<div class=\"elementor-element elementor-element-acf070a elementor-icon-list--layout-traditional elementor-list-item-link-full_width elementor-widget elementor-widget-icon-list\" data-id=\"acf070a\" data-element_type=\"widget\" data-e-type=\"widget\" data-widget_type=\"icon-list.default\">\n\t\t\t\t<div class=\"elementor-widget-container\">\n\t\t\t\t\t\t\t<ul class=\"elementor-icon-list-items\">\n\t\t\t\t\t\t\t<li class=\"elementor-icon-list-item\">\n\t\t\t\t\t\t\t\t\t\t\t<span class=\"elementor-icon-list-icon\">\n\t\t\t\t\t\t\t<i aria-hidden=\"true\" class=\"fas fa-check\"><\/i>\t\t\t\t\t\t<\/span>\n\t\t\t\t\t\t\t\t\t\t<span class=\"elementor-icon-list-text\">Las personas con habilidades extraordinarias en las ciencias, artes, educaci\u00f3n, negocios o atletismo, (E11)<\/span>\n\t\t\t\t\t\t\t\t\t<\/li>\n\t\t\t\t\t\t\t\t<li class=\"elementor-icon-list-item\">\n\t\t\t\t\t\t\t\t\t\t\t<span class=\"elementor-icon-list-icon\">\n\t\t\t\t\t\t\t<i aria-hidden=\"true\" class=\"fas fa-check\"><\/i>\t\t\t\t\t\t<\/span>\n\t\t\t\t\t\t\t\t\t\t<span class=\"elementor-icon-list-text\">Las personas que obtuvieron una Dispensa de Inter\u00e9s Nacional (AIN), (E21)<\/span>\n\t\t\t\t\t\t\t\t\t<\/li>\n\t\t\t\t\t\t<\/ul>\n\t\t\t\t\t\t<\/div>\n\t\t\t\t<\/div>\n\t\t\t\t<div class=\"elementor-element elementor-element-53fbc64 elementor-widget elementor-widget-text-editor\" data-id=\"53fbc64\" data-element_type=\"widget\" data-e-type=\"widget\" data-widget_type=\"text-editor.default\">\n\t\t\t\t<div class=\"elementor-widget-container\">\n\t\t\t\t\t\t\t\t\tSi se encuentra dentro o fuera de Estados Unidos en contacto con nosotros mediante una llamada o dejar tus datos y nos pondremos en contacto con usted.\n\n\t\t\t\t\t\t\t\t<\/div>\n\t\t\t\t<\/div>\n\t\t\t\t<div class=\"elementor-element elementor-element-ccdc112 elementor-widget elementor-widget-heading\" data-id=\"ccdc112\" data-element_type=\"widget\" data-e-type=\"widget\" data-widget_type=\"heading.default\">\n\t\t\t\t<div class=\"elementor-widget-container\">\n\t\t\t\t\t<h3 class=\"elementor-heading-title elementor-size-default\">4. CATEGOR\u00cdAS ESPECIALES DE EMPLEO\n<\/h3>\t\t\t\t<\/div>\n\t\t\t\t<\/div>\n\t\t\t\t<div class=\"elementor-element elementor-element-c07f3bc elementor-widget elementor-widget-text-editor\" data-id=\"c07f3bc\" data-element_type=\"widget\" data-e-type=\"widget\" data-widget_type=\"text-editor.default\">\n\t\t\t\t<div class=\"elementor-widget-container\">\n\t\t\t\t\t\t\t\t\tUsted puede convertirse en un residente permanente (obtener la tarjeta verde) a trav\u00e9s de una categor\u00eda especial de empleo. Estos programas de ajuste se limitan a las personas que cumplan con requisitos especiales y \/ o apliquen durante ciertos plazos de tiempo. Estas categor\u00edas especiales incluyen:\n\n\t\t\t\t\t\t\t\t<\/div>\n\t\t\t\t<\/div>\n\t\t\t\t<div class=\"elementor-element elementor-element-27f3a46 elementor-icon-list--layout-traditional elementor-list-item-link-full_width elementor-widget elementor-widget-icon-list\" data-id=\"27f3a46\" data-element_type=\"widget\" data-e-type=\"widget\" data-widget_type=\"icon-list.default\">\n\t\t\t\t<div class=\"elementor-widget-container\">\n\t\t\t\t\t\t\t<ul class=\"elementor-icon-list-items\">\n\t\t\t\t\t\t\t<li class=\"elementor-icon-list-item\">\n\t\t\t\t\t\t\t\t\t\t\t<span class=\"elementor-icon-list-icon\">\n\t\t\t\t\t\t\t<i aria-hidden=\"true\" class=\"fas fa-check\"><\/i>\t\t\t\t\t\t<\/span>\n\t\t\t\t\t\t\t\t\t\t<span class=\"elementor-icon-list-text\">Afghan \/ traductor iraqu\u00ed<\/span>\n\t\t\t\t\t\t\t\t\t<\/li>\n\t\t\t\t\t\t\t\t<li class=\"elementor-icon-list-item\">\n\t\t\t\t\t\t\t\t\t\t\t<span class=\"elementor-icon-list-icon\">\n\t\t\t\t\t\t\t<i aria-hidden=\"true\" class=\"fas fa-check\"><\/i>\t\t\t\t\t\t<\/span>\n\t\t\t\t\t\t\t\t\t\t<span class=\"elementor-icon-list-text\">Miembro de Fuerzas Armadas<\/span>\n\t\t\t\t\t\t\t\t\t<\/li>\n\t\t\t\t\t\t\t\t<li class=\"elementor-icon-list-item\">\n\t\t\t\t\t\t\t\t\t\t\t<span class=\"elementor-icon-list-icon\">\n\t\t\t\t\t\t\t<i aria-hidden=\"true\" class=\"fas fa-check\"><\/i>\t\t\t\t\t\t<\/span>\n\t\t\t\t\t\t\t\t\t\t<span class=\"elementor-icon-list-text\">Periodista<\/span>\n\t\t\t\t\t\t\t\t\t<\/li>\n\t\t\t\t\t\t\t\t<li class=\"elementor-icon-list-item\">\n\t\t\t\t\t\t\t\t\t\t\t<span class=\"elementor-icon-list-icon\">\n\t\t\t\t\t\t\t<i aria-hidden=\"true\" class=\"fas fa-check\"><\/i>\t\t\t\t\t\t<\/span>\n\t\t\t\t\t\t\t\t\t\t<span class=\"elementor-icon-list-text\">Organizaci\u00f3n Internacional del Trabajador<\/span>\n\t\t\t\t\t\t\t\t\t<\/li>\n\t\t\t\t\t\t\t\t<li class=\"elementor-icon-list-item\">\n\t\t\t\t\t\t\t\t\t\t\t<span class=\"elementor-icon-list-icon\">\n\t\t\t\t\t\t\t<i aria-hidden=\"true\" class=\"fas fa-check\"><\/i>\t\t\t\t\t\t<\/span>\n\t\t\t\t\t\t\t\t\t\t<span class=\"elementor-icon-list-text\">Iraqu\u00ed que ayud\u00f3 al Gobierno de EE.UU<\/span>\n\t\t\t\t\t\t\t\t\t<\/li>\n\t\t\t\t\t\t\t\t<li class=\"elementor-icon-list-item\">\n\t\t\t\t\t\t\t\t\t\t\t<span class=\"elementor-icon-list-icon\">\n\t\t\t\t\t\t\t<i aria-hidden=\"true\" class=\"fas fa-check\"><\/i>\t\t\t\t\t\t<\/span>\n\t\t\t\t\t\t\t\t\t\t<span class=\"elementor-icon-list-text\">Afgano que ayudo al gobierno de los EE.UU<\/span>\n\t\t\t\t\t\t\t\t\t<\/li>\n\t\t\t\t\t\t\t\t<li class=\"elementor-icon-list-item\">\n\t\t\t\t\t\t\t\t\t\t\t<span class=\"elementor-icon-list-icon\">\n\t\t\t\t\t\t\t<i aria-hidden=\"true\" class=\"fas fa-check\"><\/i>\t\t\t\t\t\t<\/span>\n\t\t\t\t\t\t\t\t\t\t<span class=\"elementor-icon-list-text\">Afgano que OTAN- 6 no inmigranteal gobierno de los EE.UU<\/span>\n\t\t\t\t\t\t\t\t\t<\/li>\n\t\t\t\t\t\t\t\t<li class=\"elementor-icon-list-item\">\n\t\t\t\t\t\t\t\t\t\t\t<span class=\"elementor-icon-list-icon\">\n\t\t\t\t\t\t\t<i aria-hidden=\"true\" class=\"fas fa-check\"><\/i>\t\t\t\t\t\t<\/span>\n\t\t\t\t\t\t\t\t\t\t<span class=\"elementor-icon-list-text\">Empleado del Canal de Panam\u00e1<\/span>\n\t\t\t\t\t\t\t\t\t<\/li>\n\t\t\t\t\t\t\t\t<li class=\"elementor-icon-list-item\">\n\t\t\t\t\t\t\t\t\t\t\t<span class=\"elementor-icon-list-icon\">\n\t\t\t\t\t\t\t<i aria-hidden=\"true\" class=\"fas fa-check\"><\/i>\t\t\t\t\t\t<\/span>\n\t\t\t\t\t\t\t\t\t\t<span class=\"elementor-icon-list-text\">M\u00e9dico\u2019 Dispensa de Inter\u00e9s Nacional<\/span>\n\t\t\t\t\t\t\t\t\t<\/li>\n\t\t\t\t\t\t\t\t<li class=\"elementor-icon-list-item\">\n\t\t\t\t\t\t\t\t\t\t\t<span class=\"elementor-icon-list-icon\">\n\t\t\t\t\t\t\t<i aria-hidden=\"true\" class=\"fas fa-check\"><\/i>\t\t\t\t\t\t<\/span>\n\t\t\t\t\t\t\t\t\t\t<span class=\"elementor-icon-list-text\">Trabajadores Religiosos<\/span>\n\t\t\t\t\t\t\t\t\t<\/li>\n\t\t\t\t\t\t<\/ul>\n\t\t\t\t\t\t<\/div>\n\t\t\t\t<\/div>\n\t\t\t\t\t<\/div>\n\t\t<\/div>\n\t\t\t\t\t<\/div>\n\t\t<\/section>\n\t\t\t\t<section class=\"elementor-section elementor-top-section elementor-element elementor-element-6437e7c5 elementor-section-boxed elementor-section-height-default elementor-section-height-default\" data-id=\"6437e7c5\" data-element_type=\"section\" data-e-type=\"section\" data-settings=\"{&quot;background_background&quot;:&quot;classic&quot;}\">\n\t\t\t\t\t\t<div class=\"elementor-container elementor-column-gap-default\">\n\t\t\t\t\t<div class=\"elementor-column elementor-col-100 elementor-top-column elementor-element elementor-element-2d949d2e\" data-id=\"2d949d2e\" data-element_type=\"column\" data-e-type=\"column\">\n\t\t\t<div class=\"elementor-widget-wrap elementor-element-populated\">\n\t\t\t\t\t\t<div class=\"elementor-element elementor-element-6976b8b9 elementor-widget elementor-widget-heading\" data-id=\"6976b8b9\" data-element_type=\"widget\" data-e-type=\"widget\" data-widget_type=\"heading.default\">\n\t\t\t\t<div class=\"elementor-widget-container\">\n\t\t\t\t\t<h4 class=\"elementor-heading-title elementor-size-default\">Si usted est\u00e1 interesado en saber m\u00e1s sobre eso, simplemente llame o deje su informaci\u00f3n y nos pondremos en contacto con usted.\n\n<\/h4>\t\t\t\t<\/div>\n\t\t\t\t<\/div>\n\t\t\t\t\t<\/div>\n\t\t<\/div>\n\t\t\t\t\t<\/div>\n\t\t<\/section>\n\t\t\t\t<section class=\"elementor-section elementor-top-section elementor-element elementor-element-1955f67 elementor-section-stretched elementor-section-boxed elementor-section-height-default elementor-section-height-default\" data-id=\"1955f67\" data-element_type=\"section\" data-e-type=\"section\" data-settings=\"{&quot;stretch_section&quot;:&quot;section-stretched&quot;,&quot;background_background&quot;:&quot;classic&quot;}\">\n\t\t\t\t\t\t<div class=\"elementor-container elementor-column-gap-no\">\n\t\t\t\t\t<div class=\"elementor-column elementor-col-100 elementor-top-column elementor-element elementor-element-7bb286a\" data-id=\"7bb286a\" data-element_type=\"column\" data-e-type=\"column\">\n\t\t\t<div class=\"elementor-widget-wrap elementor-element-populated\">\n\t\t\t\t\t\t<div class=\"elementor-element elementor-element-5b62d07 elementor-widget elementor-widget-rt-cta\" data-id=\"5b62d07\" data-element_type=\"widget\" data-e-type=\"widget\" data-widget_type=\"rt-cta.default\">\n\t\t\t\t<div class=\"elementor-widget-container\">\n\t\t\t\t\t\n\n<!--=====================================-->\n<!--=     Call To Action Area Start     =-->\n<!--=====================================-->\n<section class=\"call-to-action-wrap-layout1 has-animation\">\n        <div class=\"animated-figure\">\n        <div class=\"translate-right-50 transition-100 opacity-animation transition-delay-100\">\n            <img fetchpriority=\"high\" decoding=\"async\" width=\"330\" height=\"300\" src=\"https:\/\/hispanicamericanlegalservices.com\/wp-content\/uploads\/2020\/12\/banner1.png\" class=\"attachment-full size-full\" alt=\"\" \/>        <\/div>\n    <\/div>\n        <div class=\"row\">\n        <div class=\"col-lg-8 col-12\">\n                        <div class=\"call-to-action-box-layout1\">\n                <h2 class=\"item-title\">\u00bfTienes preguntas?<br \/>Siempre estamos dispuestos a ayudarte<\/h2>\n            <\/div>\n                    <\/div>\n        <div class=\"col-lg-4 col-12 d-flex align-items-center justify-content-center justify-content-lg-end\">\n                        <div class=\"call-to-action-box-layout1\">\n                <a href=\"http:\/\/lilianajones.ctcin.bio\/\" class=\"btn-fill\">Resources \/ See More<\/a>\n            <\/div>\n                    <\/div>\n    <\/div>\n<\/section>\t\t\t\t<\/div>\n\t\t\t\t<\/div>\n\t\t\t\t\t<\/div>\n\t\t<\/div>\n\t\t\t\t\t<\/div>\n\t\t<\/section>\n\t\t\t\t<\/div>","protected":false},"excerpt":{"rendered":"<p>1. OFERTA DE EMPLEO Si desea solicitar una tarjeta verde (residencia permanente) con base en el hecho de que usted tiene una oportunidad de empleo permanente en los Estados Unidos, o si usted es un empleador que quiera patrocinar a alguien para una tarjeta verde basada en la oferta de un empleo permanente en la&#8230;<\/p>","protected":false},"author":2,"featured_media":0,"parent":0,"menu_order":0,"comment_status":"closed","ping_status":"closed","template":"templates\/blank.php","meta":{"_joinchat":[],"footnotes":""},"class_list":["post-9098","page","type-page","status-publish","hentry"],"_links":{"self":[{"href":"https:\/\/hispanicamericanlegalservices.com\/en\/wp-json\/wp\/v2\/pages\/9098","targetHints":{"allow":["GET"]}}],"collection":[{"href":"https:\/\/hispanicamericanlegalservices.com\/en\/wp-json\/wp\/v2\/pages"}],"about":[{"href":"https:\/\/hispanicamericanlegalservices.com\/en\/wp-json\/wp\/v2\/types\/page"}],"author":[{"embeddable":true,"href":"https:\/\/hispanicamericanlegalservices.com\/en\/wp-json\/wp\/v2\/users\/2"}],"replies":[{"embeddable":true,"href":"https:\/\/hispanicamericanlegalservices.com\/en\/wp-json\/wp\/v2\/comments?post=9098"}],"version-history":[{"count":30,"href":"https:\/\/hispanicamericanlegalservices.com\/en\/wp-json\/wp\/v2\/pages\/9098\/revisions"}],"predecessor-version":[{"id":9922,"href":"https:\/\/hispanicamericanlegalservices.com\/en\/wp-json\/wp\/v2\/pages\/9098\/revisions\/9922"}],"wp:attachment":[{"href":"https:\/\/hispanicamericanlegalservices.com\/en\/wp-json\/wp\/v2\/media?parent=9098"}],"curies":[{"name":"wp","href":"https:\/\/api.w.org\/{rel}","templated":true}]}}