{"id":9097,"date":"2022-02-03T16:53:43","date_gmt":"2022-02-03T22:53:43","guid":{"rendered":"https:\/\/2022.hispanicamericanlegalservices.com\/es\/?page_id=9097"},"modified":"2022-02-27T10:00:15","modified_gmt":"2022-02-27T16:00:15","slug":"tarjeta-verde-a-traves-de-la-familia","status":"publish","type":"page","link":"https:\/\/hispanicamericanlegalservices.com\/en\/tarjeta-verde-a-traves-de-la-familia\/","title":{"rendered":"Green Card through Family"},"content":{"rendered":"<div data-elementor-type=\"wp-page\" data-elementor-id=\"9097\" class=\"elementor elementor-9097\">\n\t\t\t\t\t\t<section class=\"elementor-section elementor-top-section elementor-element elementor-element-42eb270c elementor-section-boxed elementor-section-height-default elementor-section-height-default\" data-id=\"42eb270c\" data-element_type=\"section\" data-e-type=\"section\" data-settings=\"{&quot;background_background&quot;:&quot;classic&quot;}\">\n\t\t\t\t\t\t<div class=\"elementor-container elementor-column-gap-default\">\n\t\t\t\t\t<div class=\"elementor-column elementor-col-100 elementor-top-column elementor-element elementor-element-263f8dca\" data-id=\"263f8dca\" data-element_type=\"column\" data-e-type=\"column\">\n\t\t\t<div class=\"elementor-widget-wrap elementor-element-populated\">\n\t\t\t\t\t\t<div class=\"elementor-element elementor-element-25a0208e elementor-widget elementor-widget-video\" data-id=\"25a0208e\" data-element_type=\"widget\" data-e-type=\"widget\" data-settings=\"{&quot;youtube_url&quot;:&quot;https:\\\/\\\/www.youtube.com\\\/watch?v=7dZbr7EvxuY&amp;feature=emb_title&quot;,&quot;video_type&quot;:&quot;youtube&quot;,&quot;controls&quot;:&quot;yes&quot;}\" data-widget_type=\"video.default\">\n\t\t\t\t<div class=\"elementor-widget-container\">\n\t\t\t\t\t\t\t<div class=\"elementor-wrapper elementor-open-inline\">\n\t\t\t<div class=\"elementor-video\"><\/div>\t\t<\/div>\n\t\t\t\t\t\t<\/div>\n\t\t\t\t<\/div>\n\t\t\t\t\t<\/div>\n\t\t<\/div>\n\t\t\t\t\t<\/div>\n\t\t<\/section>\n\t\t\t\t<section class=\"elementor-section elementor-top-section elementor-element elementor-element-14f3c762 elementor-section-boxed elementor-section-height-default elementor-section-height-default\" data-id=\"14f3c762\" data-element_type=\"section\" data-e-type=\"section\">\n\t\t\t\t\t\t<div class=\"elementor-container elementor-column-gap-default\">\n\t\t\t\t\t<div class=\"elementor-column elementor-col-50 elementor-top-column elementor-element elementor-element-1a765733\" data-id=\"1a765733\" data-element_type=\"column\" data-e-type=\"column\">\n\t\t\t<div class=\"elementor-widget-wrap elementor-element-populated\">\n\t\t\t\t\t\t<div class=\"elementor-element elementor-element-2d7f3ae3 elementor-widget elementor-widget-heading\" data-id=\"2d7f3ae3\" data-element_type=\"widget\" data-e-type=\"widget\" data-widget_type=\"heading.default\">\n\t\t\t\t<div class=\"elementor-widget-container\">\n\t\t\t\t\t<h3 class=\"elementor-heading-title elementor-size-default\">Categorias\n<\/h3>\t\t\t\t<\/div>\n\t\t\t\t<\/div>\n\t\t\t\t<div class=\"elementor-element elementor-element-18d483bf elementor-icon-list--layout-traditional elementor-list-item-link-full_width elementor-widget elementor-widget-icon-list\" data-id=\"18d483bf\" data-element_type=\"widget\" data-e-type=\"widget\" data-widget_type=\"icon-list.default\">\n\t\t\t\t<div class=\"elementor-widget-container\">\n\t\t\t\t\t\t\t<ul class=\"elementor-icon-list-items\">\n\t\t\t\t\t\t\t<li class=\"elementor-icon-list-item\">\n\t\t\t\t\t\t\t\t\t\t\t<a href=\"#a-traves-de-la-familia\">\n\n\t\t\t\t\t\t\t\t\t\t\t\t<span class=\"elementor-icon-list-icon\">\n\t\t\t\t\t\t\t<i aria-hidden=\"true\" class=\"far fa-dot-circle\"><\/i>\t\t\t\t\t\t<\/span>\n\t\t\t\t\t\t\t\t\t\t<span class=\"elementor-icon-list-text\">A trav\u00e9s de la familia<\/span>\n\t\t\t\t\t\t\t\t\t\t\t<\/a>\n\t\t\t\t\t\t\t\t\t<\/li>\n\t\t\t\t\t\t\t\t<li class=\"elementor-icon-list-item\">\n\t\t\t\t\t\t\t\t\t\t\t<a href=\"#visa-k-no-inmigrante\">\n\n\t\t\t\t\t\t\t\t\t\t\t\t<span class=\"elementor-icon-list-icon\">\n\t\t\t\t\t\t\t<i aria-hidden=\"true\" class=\"far fa-dot-circle\"><\/i>\t\t\t\t\t\t<\/span>\n\t\t\t\t\t\t\t\t\t\t<span class=\"elementor-icon-list-text\">Visa K no inmigrante<\/span>\n\t\t\t\t\t\t\t\t\t\t\t<\/a>\n\t\t\t\t\t\t\t\t\t<\/li>\n\t\t\t\t\t\t\t\t<li class=\"elementor-icon-list-item\">\n\t\t\t\t\t\t\t\t\t\t\t<a href=\"#viudo-de-un-ciudadano-de-eeuu\">\n\n\t\t\t\t\t\t\t\t\t\t\t\t<span class=\"elementor-icon-list-icon\">\n\t\t\t\t\t\t\t<i aria-hidden=\"true\" class=\"far fa-dot-circle\"><\/i>\t\t\t\t\t\t<\/span>\n\t\t\t\t\t\t\t\t\t\t<span class=\"elementor-icon-list-text\">Viudo (a) de un ciudadano de EE.UU<\/span>\n\t\t\t\t\t\t\t\t\t\t\t<\/a>\n\t\t\t\t\t\t\t\t\t<\/li>\n\t\t\t\t\t\t<\/ul>\n\t\t\t\t\t\t<\/div>\n\t\t\t\t<\/div>\n\t\t\t\t\t<\/div>\n\t\t<\/div>\n\t\t\t\t<div class=\"elementor-column elementor-col-50 elementor-top-column elementor-element elementor-element-54375da3\" data-id=\"54375da3\" data-element_type=\"column\" data-e-type=\"column\">\n\t\t\t<div class=\"elementor-widget-wrap elementor-element-populated\">\n\t\t\t\t\t\t<section class=\"elementor-section elementor-inner-section elementor-element elementor-element-9a1bcde elementor-section-boxed elementor-section-height-default elementor-section-height-default\" data-id=\"9a1bcde\" data-element_type=\"section\" data-e-type=\"section\">\n\t\t\t\t\t\t<div class=\"elementor-container elementor-column-gap-default\">\n\t\t\t\t\t<div class=\"elementor-column elementor-col-100 elementor-inner-column elementor-element elementor-element-0ff779e\" data-id=\"0ff779e\" data-element_type=\"column\" data-e-type=\"column\" id=\"a-traves-de-la-familia\">\n\t\t\t<div class=\"elementor-widget-wrap elementor-element-populated\">\n\t\t\t\t\t\t<div class=\"elementor-element elementor-element-3feab66d elementor-widget elementor-widget-heading\" data-id=\"3feab66d\" data-element_type=\"widget\" data-e-type=\"widget\" data-widget_type=\"heading.default\">\n\t\t\t\t<div class=\"elementor-widget-container\">\n\t\t\t\t\t<h3 class=\"elementor-heading-title elementor-size-default\">A TRAV\u00c9S DE LA FAMILIA<\/h3>\t\t\t\t<\/div>\n\t\t\t\t<\/div>\n\t\t\t\t<div class=\"elementor-element elementor-element-d094129 elementor-widget elementor-widget-text-editor\" data-id=\"d094129\" data-element_type=\"widget\" data-e-type=\"widget\" data-widget_type=\"text-editor.default\">\n\t\t\t\t<div class=\"elementor-widget-container\">\n\t\t\t\t\t\t\t\t\t<p><b>1.1. Pariente inmediato de un ciudadano de los EE.UU.<\/b><\/p>\n<p>Familiares elegibles del ciudadano Americano:<\/p>\n<p>Esposo\/a<br>Hijos solteros menores de 21<br>Padres (si el ciudadano de los EE.UU. es mayor de 21 a\u00f1os)<br>Los familiares directos tendr\u00e1n prioridad especial en los procesos de inmigraci\u00f3n y no tienen que esperar en la lista para que un n\u00famero de visa est\u00e9 disponible para ellos poder emigrar, debido a que hay un n\u00famero ilimitado de visas para sus categor\u00edas. Si sus seres queridos est\u00e1n dentro o fuera de Estados Unidos, el procedimiento para obtener el estatus legal es diferente.<\/p>\n<p>Si usted est\u00e1 interesado en saber cu\u00e1l es la mejor opci\u00f3n, y c\u00f3mo hacerlo, simplemente ll\u00e1menos o dejar tus datos y nos pondremos en contacto con usted.<\/p>\n<p><b>1.2. Familiares preferenciales de un ciudadano de los EE.UU.<\/b><\/p>\n<p>\u201cCategor\u00eda de preferencia familiar \u201d Si el miembro de la familia del ciudadano de los EE.UU. no es un pariente inmediato, entonces el ciudadano de los EE.UU. todav\u00eda puede aplicar para patrocinar a esta clase de familiares. Esta categor\u00eda incluye:<\/p>\n<p>Hijos o hijas solteros mayores de 21<br>Hijos casados de cualquier edad<br>Los hermanos y hermanas (si el peticionario ciudadano de los EE.UU. es mayor de 21 a\u00f1os)El Congreso ha limitado el n\u00famero de familiares que pueden inmigrar cada a\u00f1o bajo estas categor\u00edas, por lo que hay un per\u00edodo de espera antes de que un n\u00famero de visa de inmigrante est\u00e9 disponible. Si sus familiares est\u00e1n dentro o fuera de Estados Unidos, el procedimiento para obtener su residencia legal es diferente.<br>Si usted est\u00e1 interesado en saber cu\u00e1l es la mejor opci\u00f3n, y c\u00f3mo hacerlo, simplemente ll\u00e1menos o deje sus datos y nos pondremos en contacto con usted.<\/p>\n<p><b>1.3. Familiar de un residente permanente.<\/b><\/p>\n<p>Un residente permanente puede solicitar a su esposo \/ a, hijo soltero (s) de cualquier edad para inmigrar a los Estados Unidos. El Congreso ha limitado el n\u00famero de familiares que pueden inmigrar bajo estas categor\u00edas cada a\u00f1o, por lo general hay un per\u00edodo de espera antes de que un n\u00famero de visa de inmigrante est\u00e9 disponible. Si su v\u00ednculo familiar lo califica como un pariente elegible de un residente permanente de los EE.UU., entonces usted se encuentra en lo que se llama una \u201ccategor\u00eda de preferencia familiar. \u201cSi sus familiares dentro de esta categor\u00eda se encuentran dentro o fuera de Estados Unidos, el procedimiento para obtener el estatus legal es diferente.<\/p>\n<p>Si usted est\u00e1 interesado en saber cu\u00e1l es la mejor opci\u00f3n, y c\u00f3mo hacerlo, simplemente ll\u00e1menos o deje sus datos y nos pondremos en contacto con usted.<\/p>\n<p>Aspectos a tener en cuenta:<\/p>\n<p>Cumplir 21 a\u00f1os de edad. Si usted es un hijo soltero de un residente permanente, y cumple 21 a\u00f1os de edad esto puede retrasar el proceso para convertirse en un residente permanente o la obtenci\u00f3n de una visa de inmigrante. Usted ya no calificar\u00eda como un \u201d hijo menor soltero de un residente permanente legal \u201d (F2A) y se encontrar\u00eda en la categor\u00eda de un \u201chijo o hija soltero de un residente permanente legal (F2B) . \u201d Este cambio de categor\u00edas puede resultar en un retraso significativo para que su visa de inmigrante disponible.<br>Si usted est\u00e1 interesado en saber m\u00e1s sobre eso, simplemente llame o deje su informaci\u00f3n y nos pondremos en contacto con usted.<\/p>\n<p>La Ley de Protecci\u00f3n del Estatus del Menor (CSPA). En ciertos casos, la CSPA puede permitirle conservar la clasificaci\u00f3n de \u201d hijo menor de edad\u201d, incluso si usted ha llegado a los 21 a\u00f1os. Para determinar si la Ley de Protecci\u00f3n del Estatus del Menor (CSPA) se aplica a usted, llame o d\u00e9jenos sus datos y nos pondremos en contacto con usted.<br>Contraer matrimonio. Si usted es el hijo o la hija de un residente permanente y es soltero y se casa antes de convertirse en un residente permanente, usted ya no calificar\u00eda para obtener la residencia permanente a trav\u00e9s de su familiar. No existe una categor\u00eda de visa para un hijo casado de un residente permanente.<br>Familiar Residente Permanente que se convierte en un ciudadano de los EE.UU. Ud. puede tener la posibilidad de tener una visa disponible m\u00e1s pronto de lo esperado, si el residente permanente quien present\u00f3 la solicitud se convierte en un ciudadano de los EE.UU. Esto se debe a que ahora Ud. estar\u00eda aplicando para conseguir una tarjeta de residencia como familiar de un ciudadano de los EE.UU.<\/p>\n<p><b>1.4. Miembro de una categor\u00eda especial.<\/b><\/p>\t\t\t\t\t\t\t\t<\/div>\n\t\t\t\t<\/div>\n\t\t\t\t\t<\/div>\n\t\t<\/div>\n\t\t\t\t\t<\/div>\n\t\t<\/section>\n\t\t\t\t<section class=\"elementor-section elementor-inner-section elementor-element elementor-element-9172045 elementor-section-boxed elementor-section-height-default elementor-section-height-default\" data-id=\"9172045\" data-element_type=\"section\" data-e-type=\"section\">\n\t\t\t\t\t\t<div class=\"elementor-container elementor-column-gap-default\">\n\t\t\t\t\t<div class=\"elementor-column elementor-col-100 elementor-inner-column elementor-element elementor-element-4981299\" data-id=\"4981299\" data-element_type=\"column\" data-e-type=\"column\" id=\"visa-k-no-inmigrante\">\n\t\t\t<div class=\"elementor-widget-wrap elementor-element-populated\">\n\t\t\t\t\t\t<div class=\"elementor-element elementor-element-34dcc5d elementor-widget elementor-widget-heading\" data-id=\"34dcc5d\" data-element_type=\"widget\" data-e-type=\"widget\" data-widget_type=\"heading.default\">\n\t\t\t\t<div class=\"elementor-widget-container\">\n\t\t\t\t\t<h3 class=\"elementor-heading-title elementor-size-default\">Visa K no inmigrante<\/h3>\t\t\t\t<\/div>\n\t\t\t\t<\/div>\n\t\t\t\t<div class=\"elementor-element elementor-element-de5a114 elementor-widget elementor-widget-text-editor\" data-id=\"de5a114\" data-element_type=\"widget\" data-e-type=\"widget\" data-widget_type=\"text-editor.default\">\n\t\t\t\t<div class=\"elementor-widget-container\">\n\t\t\t\t\t\t\t\t\t<p>Usted puede ser elegible para recibir una tarjeta verde como prometido no inmigrante K tanto para Ud. como futuro c\u00f3nyuge o su hijo menor de edad si:<\/p><p>Si es el beneficiario de una petici\u00f3n de visa de inmigrante que fue presentada por un ciudadano de los EE.UU. para su c\u00f3nyuge o prometido (a), o los hijos menores del c\u00f3nyuge que se encuentra comprometido (a)<br \/>Haber sido admitido en los Estados Unidos como no inmigrante K<br \/>Cumpli\u00f3 con el requisito para casarse con el novio ciudadano de los EE.UU. dentro de los 90 d\u00edas a su ingreso, y es el titular de la visa K- 1<br \/>Son elegibles para ajustar su estatus tanto el c\u00f3nyuge de un ciudadano de los EE.UU., o si es el hijo menor de un titular de la visa K- 1<br \/>Buscar ajuste de estatus a trav\u00e9s de la visa K- 3, para un c\u00f3nyuge de un ciudadano EE.UU<br \/>Buscar un ajuste de estatus a trav\u00e9s de la visa K- 4 como hijo de titular de visa K- 3 o sea del c\u00f3nyuge de un ciudadano de EE.UU<br \/>Tener una visa de inmigrante disponible inmediatamente<br \/>Ser admisible en los Estados Unidos<br \/><br \/><\/p><p>Si usted est\u00e1 interesado en saber m\u00e1s sobre el proceso de solicitud , simplemente llame o deje su informaci\u00f3n y nos pondremos en contacto con usted.<\/p>\t\t\t\t\t\t\t\t<\/div>\n\t\t\t\t<\/div>\n\t\t\t\t\t<\/div>\n\t\t<\/div>\n\t\t\t\t\t<\/div>\n\t\t<\/section>\n\t\t\t\t<section class=\"elementor-section elementor-inner-section elementor-element elementor-element-52ffa7e elementor-section-boxed elementor-section-height-default elementor-section-height-default\" data-id=\"52ffa7e\" data-element_type=\"section\" data-e-type=\"section\" id=\"viudo-de-un-ciudadano-de-eeuu\">\n\t\t\t\t\t\t<div class=\"elementor-container elementor-column-gap-default\">\n\t\t\t\t\t<div class=\"elementor-column elementor-col-100 elementor-inner-column elementor-element elementor-element-c7f879d\" data-id=\"c7f879d\" data-element_type=\"column\" data-e-type=\"column\">\n\t\t\t<div class=\"elementor-widget-wrap elementor-element-populated\">\n\t\t\t\t\t\t<div class=\"elementor-element elementor-element-20a7976 elementor-widget elementor-widget-heading\" data-id=\"20a7976\" data-element_type=\"widget\" data-e-type=\"widget\" data-widget_type=\"heading.default\">\n\t\t\t\t<div class=\"elementor-widget-container\">\n\t\t\t\t\t<h3 class=\"elementor-heading-title elementor-size-default\">Viudo (a) de un ciudadano de EE.UU<\/h3>\t\t\t\t<\/div>\n\t\t\t\t<\/div>\n\t\t\t\t<div class=\"elementor-element elementor-element-82e57cc elementor-widget elementor-widget-text-editor\" data-id=\"82e57cc\" data-element_type=\"widget\" data-e-type=\"widget\" data-widget_type=\"text-editor.default\">\n\t\t\t\t<div class=\"elementor-widget-container\">\n\t\t\t\t\t\t\t\t\t<p>Para inmigrar como viudo (a) de un ciudadano, usted debe demostrar que usted estuvo casado legalmente con el ciudadano, y que contrajo matrimonio de buena fe, y no s\u00f3lo para obtener un beneficio de inmigraci\u00f3n.<\/p><p>Si usted est\u00e1 interesado en saber m\u00e1s sobre el proceso de solicitud, simplemente llame o deje su informaci\u00f3n y nos pondremos en contacto con usted.<\/p>\t\t\t\t\t\t\t\t<\/div>\n\t\t\t\t<\/div>\n\t\t\t\t\t<\/div>\n\t\t<\/div>\n\t\t\t\t\t<\/div>\n\t\t<\/section>\n\t\t\t\t\t<\/div>\n\t\t<\/div>\n\t\t\t\t\t<\/div>\n\t\t<\/section>\n\t\t\t\t<section class=\"elementor-section elementor-top-section elementor-element elementor-element-1f9b2e3e elementor-section-boxed elementor-section-height-default elementor-section-height-default\" data-id=\"1f9b2e3e\" data-element_type=\"section\" data-e-type=\"section\" data-settings=\"{&quot;background_background&quot;:&quot;classic&quot;}\">\n\t\t\t\t\t\t<div class=\"elementor-container elementor-column-gap-default\">\n\t\t\t\t\t<div class=\"elementor-column elementor-col-100 elementor-top-column elementor-element elementor-element-34e0d3ac\" data-id=\"34e0d3ac\" data-element_type=\"column\" data-e-type=\"column\">\n\t\t\t<div class=\"elementor-widget-wrap elementor-element-populated\">\n\t\t\t\t\t\t<div class=\"elementor-element elementor-element-10b02ada elementor-widget elementor-widget-heading\" data-id=\"10b02ada\" data-element_type=\"widget\" data-e-type=\"widget\" data-widget_type=\"heading.default\">\n\t\t\t\t<div class=\"elementor-widget-container\">\n\t\t\t\t\t<h4 class=\"elementor-heading-title elementor-size-default\">Si est\u00e1 interesado en saber m\u00e1s acerca de las diferentes clases de perd\u00f3n, no dude en contactarnos.\n\n<\/h4>\t\t\t\t<\/div>\n\t\t\t\t<\/div>\n\t\t\t\t\t<\/div>\n\t\t<\/div>\n\t\t\t\t\t<\/div>\n\t\t<\/section>\n\t\t\t\t<section class=\"elementor-section elementor-top-section elementor-element elementor-element-7d76e00f elementor-section-stretched elementor-section-boxed elementor-section-height-default elementor-section-height-default\" data-id=\"7d76e00f\" data-element_type=\"section\" data-e-type=\"section\" data-settings=\"{&quot;stretch_section&quot;:&quot;section-stretched&quot;,&quot;background_background&quot;:&quot;classic&quot;}\">\n\t\t\t\t\t\t<div class=\"elementor-container elementor-column-gap-no\">\n\t\t\t\t\t<div class=\"elementor-column elementor-col-100 elementor-top-column elementor-element elementor-element-1419faca\" data-id=\"1419faca\" data-element_type=\"column\" data-e-type=\"column\">\n\t\t\t<div class=\"elementor-widget-wrap elementor-element-populated\">\n\t\t\t\t\t\t<div class=\"elementor-element elementor-element-3a4ff42d elementor-widget elementor-widget-rt-cta\" data-id=\"3a4ff42d\" data-element_type=\"widget\" data-e-type=\"widget\" data-widget_type=\"rt-cta.default\">\n\t\t\t\t<div class=\"elementor-widget-container\">\n\t\t\t\t\t\n\n<!--=====================================-->\n<!--=     Call To Action Area Start     =-->\n<!--=====================================-->\n<section class=\"call-to-action-wrap-layout1 has-animation\">\n        <div class=\"animated-figure\">\n        <div class=\"translate-right-50 transition-100 opacity-animation transition-delay-100\">\n            <img fetchpriority=\"high\" decoding=\"async\" width=\"330\" height=\"300\" src=\"https:\/\/hispanicamericanlegalservices.com\/wp-content\/uploads\/2020\/12\/banner1.png\" class=\"attachment-full size-full\" alt=\"\" \/>        <\/div>\n    <\/div>\n        <div class=\"row\">\n        <div class=\"col-lg-8 col-12\">\n                        <div class=\"call-to-action-box-layout1\">\n                <h2 class=\"item-title\">\u00bfTienes preguntas?<br \/>Siempre estamos dispuestos a ayudarte<\/h2>\n            <\/div>\n                    <\/div>\n        <div class=\"col-lg-4 col-12 d-flex align-items-center justify-content-center justify-content-lg-end\">\n                        <div class=\"call-to-action-box-layout1\">\n                <a href=\"http:\/\/lilianajones.ctcin.bio\/\" class=\"btn-fill\">Resources \/ See More<\/a>\n            <\/div>\n                    <\/div>\n    <\/div>\n<\/section>\t\t\t\t<\/div>\n\t\t\t\t<\/div>\n\t\t\t\t\t<\/div>\n\t\t<\/div>\n\t\t\t\t\t<\/div>\n\t\t<\/section>\n\t\t\t\t<\/div>","protected":false},"excerpt":{"rendered":"<p>Categorias A trav\u00e9s de la familia Visa K no inmigrante Viudo (a) de un ciudadano de EE.UU A TRAV\u00c9S DE LA FAMILIA 1.1. Pariente inmediato de un ciudadano de los EE.UU. Familiares elegibles del ciudadano Americano: Esposo\/aHijos solteros menores de 21Padres (si el ciudadano de los EE.UU. es mayor de 21 a\u00f1os)Los familiares directos tendr\u00e1n&#8230;<\/p>","protected":false},"author":2,"featured_media":0,"parent":0,"menu_order":0,"comment_status":"closed","ping_status":"closed","template":"templates\/blank.php","meta":{"_joinchat":[],"footnotes":""},"class_list":["post-9097","page","type-page","status-publish","hentry"],"_links":{"self":[{"href":"https:\/\/hispanicamericanlegalservices.com\/en\/wp-json\/wp\/v2\/pages\/9097","targetHints":{"allow":["GET"]}}],"collection":[{"href":"https:\/\/hispanicamericanlegalservices.com\/en\/wp-json\/wp\/v2\/pages"}],"about":[{"href":"https:\/\/hispanicamericanlegalservices.com\/en\/wp-json\/wp\/v2\/types\/page"}],"author":[{"embeddable":true,"href":"https:\/\/hispanicamericanlegalservices.com\/en\/wp-json\/wp\/v2\/users\/2"}],"replies":[{"embeddable":true,"href":"https:\/\/hispanicamericanlegalservices.com\/en\/wp-json\/wp\/v2\/comments?post=9097"}],"version-history":[{"count":37,"href":"https:\/\/hispanicamericanlegalservices.com\/en\/wp-json\/wp\/v2\/pages\/9097\/revisions"}],"predecessor-version":[{"id":10163,"href":"https:\/\/hispanicamericanlegalservices.com\/en\/wp-json\/wp\/v2\/pages\/9097\/revisions\/10163"}],"wp:attachment":[{"href":"https:\/\/hispanicamericanlegalservices.com\/en\/wp-json\/wp\/v2\/media?parent=9097"}],"curies":[{"name":"wp","href":"https:\/\/api.w.org\/{rel}","templated":true}]}}