{"id":12820,"date":"2023-11-16T06:20:45","date_gmt":"2023-11-16T12:20:45","guid":{"rendered":"https:\/\/hispanicamericanlegalservices.com\/?page_id=12820"},"modified":"2023-11-16T06:26:25","modified_gmt":"2023-11-16T12:26:25","slug":"daniela-velez-clucas","status":"publish","type":"page","link":"https:\/\/hispanicamericanlegalservices.com\/en\/daniela-velez-clucas\/","title":{"rendered":"Daniela-Velez-Clucas"},"content":{"rendered":"<div data-elementor-type=\"wp-page\" data-elementor-id=\"12820\" class=\"elementor elementor-12820\">\n\t\t\t\t\t\t<section class=\"elementor-section elementor-top-section elementor-element elementor-element-d1165b4 elementor-section-full_width elementor-section-height-default elementor-section-height-default\" data-id=\"d1165b4\" data-element_type=\"section\" data-e-type=\"section\">\n\t\t\t\t\t\t<div class=\"elementor-container elementor-column-gap-default\">\n\t\t\t\t\t<div class=\"elementor-column elementor-col-100 elementor-top-column elementor-element elementor-element-6545f3e\" data-id=\"6545f3e\" data-element_type=\"column\" data-e-type=\"column\">\n\t\t\t<div class=\"elementor-widget-wrap elementor-element-populated\">\n\t\t\t\t\t\t<div class=\"elementor-element elementor-element-282aed5 elementor-widget__width-initial elementor-widget elementor-widget-rt-about-box\" data-id=\"282aed5\" data-element_type=\"widget\" data-e-type=\"widget\" data-widget_type=\"rt-about-box.default\">\n\t\t\t\t<div class=\"elementor-widget-container\">\n\t\t\t\t\t\n<section class=\"about-wrap-layout3\">\n    <div class=\"row\">\n        <div class=\"col-xl-4 col-md-6 col-12 d-flex align-items-center\">\n                        <div class=\"about-box-layout5\">\n                <img fetchpriority=\"high\" decoding=\"async\" width=\"600\" height=\"839\" src=\"https:\/\/hispanicamericanlegalservices.com\/wp-content\/uploads\/2023\/11\/Daniela-Velez-Clucas-ampliada.png\" class=\"attachment-full size-full\" alt=\"\" \/>            <\/div>\n                    <\/div>\n        <div class=\"col-xl-4 col-md-6 col-12 d-flex align-items-center\">\n            <div class=\"about-box-layout6\">\n                                <span class=\"sub-title\">Abogada<\/span>\n                                <h2 class=\"item-title\">Daniela Velez-Clucas <span><\/span><\/h2>\n                                <p><p class=\"p1\"><span class=\"s1\">Daniela V\u00e9lez-Clucas es una abogada de inmigraci\u00f3n con experiencia\u00a0<\/span>comprometida a obtener los mejores resultados para sus clientes.\u00a0<\/p><p class=\"p1\">Ha trabajado con familias inmigrantes y las ha representado en diversos asuntos de inmigraci\u00f3n, incluyendo defensa de deportaci\u00f3n, asilo, visas de tr\u00e1fico y visas especiales para inmigrantes juveniles, y otras formas humanitarias de ayuda ante USCIS y tribunales de inmigraci\u00f3n.<\/p><p class=\"p1\"><span class=\"s1\">Tambi\u00e9n es experta en carga p\u00fablica y cuestiones en la <\/span><span class=\"s1\">intersecci\u00f3n de la elegibilidad de los inmigrantes para cobertura <\/span><span class=\"s1\">m\u00e9dica y las leyes de inmigraci\u00f3n. Daniela obtuvo su\u00a0<i>Juris Doctor<\/i>\u00a0en\u00a0<\/span>la Facultad de Derecho John Marshall de la Universidad de Chicago de Illinois y es abogada licenciada por la Corte Suprema de Illinois.<\/p><\/p>\n                                <div class=\"about-info\">\n                                    <\/div>\n            <\/div>\n        <\/div>\n        <div class=\"col-xl-4 col-12 d-flex align-items-center\">\n            <div class=\"about-box-layout7\">\n                                <h3 class=\"item-title\">Services<\/h3>\n                                <p>Daniela tiene experiencia en derecho penal y Justicia Restaurativa y aporta su experiencia vivida como inmigrante y abogada de inmigraci\u00f3n para promover la misi\u00f3n de Hispanic American Legal Services, Ltd.<\/p>\n                                <div class=\"about-skill\">\n                                        <div class=\"overflow-hidden\">\n                        <div class=\"progress\">\n                                                        <div class=\"lead\">Asilo<\/div>\n                                                        <div data-wow-delay=\"1s\" data-wow-duration=\"1.5s\" style=\"width: 100%; visibility: visible; animation-duration: 1.5s; animation-delay: 1s; animation-name: slideInLeft;\" data-progress=\"100%\" class=\"progress-bar wow slideInLeft animated\">\n                                <span>100%<\/span>\n                            <\/div>\n                        <\/div>\n                    <\/div>\n                                        <div class=\"overflow-hidden\">\n                        <div class=\"progress\">\n                                                        <div class=\"lead\">Procedimiento de deportaci\u00f3n<\/div>\n                                                        <div data-wow-delay=\"1s\" data-wow-duration=\"1.5s\" style=\"width: 95%; visibility: visible; animation-duration: 1.5s; animation-delay: 1s; animation-name: slideInLeft;\" data-progress=\"95%\" class=\"progress-bar wow slideInLeft animated\">\n                                <span>95%<\/span>\n                            <\/div>\n                        <\/div>\n                    <\/div>\n                                        <div class=\"overflow-hidden\">\n                        <div class=\"progress\">\n                                                        <div class=\"lead\">Moci\u00f3n para terminar proceso de deportaci\u00f3n<\/div>\n                                                        <div data-wow-delay=\"1s\" data-wow-duration=\"1.5s\" style=\"width: 100%; visibility: visible; animation-duration: 1.5s; animation-delay: 1s; animation-name: slideInLeft;\" data-progress=\"100%\" class=\"progress-bar wow slideInLeft animated\">\n                                <span>100%<\/span>\n                            <\/div>\n                        <\/div>\n                    <\/div>\n                                        <div class=\"overflow-hidden\">\n                        <div class=\"progress\">\n                                                        <div class=\"lead\">Moci\u00f3n de reabrir casos de inmigraci\u00f3n<\/div>\n                                                        <div data-wow-delay=\"1s\" data-wow-duration=\"1.5s\" style=\"width: 100%; visibility: visible; animation-duration: 1.5s; animation-delay: 1s; animation-name: slideInLeft;\" data-progress=\"100%\" class=\"progress-bar wow slideInLeft animated\">\n                                <span>100%<\/span>\n                            <\/div>\n                        <\/div>\n                    <\/div>\n                                        <div class=\"overflow-hidden\">\n                        <div class=\"progress\">\n                                                        <div class=\"lead\">Solicitudes de permiso anticipado<\/div>\n                                                        <div data-wow-delay=\"1s\" data-wow-duration=\"1.5s\" style=\"width: 95%; visibility: visible; animation-duration: 1.5s; animation-delay: 1s; animation-name: slideInLeft;\" data-progress=\"95%\" class=\"progress-bar wow slideInLeft animated\">\n                                <span>95%<\/span>\n                            <\/div>\n                        <\/div>\n                    <\/div>\n                                        <div class=\"overflow-hidden\">\n                        <div class=\"progress\">\n                                                        <div class=\"lead\">Programas especiales de libertad condicional<\/div>\n                                                        <div data-wow-delay=\"1s\" data-wow-duration=\"1.5s\" style=\"width: 96%; visibility: visible; animation-duration: 1.5s; animation-delay: 1s; animation-name: slideInLeft;\" data-progress=\"96%\" class=\"progress-bar wow slideInLeft animated\">\n                                <span>96%<\/span>\n                            <\/div>\n                        <\/div>\n                    <\/div>\n                                        <div class=\"overflow-hidden\">\n                        <div class=\"progress\">\n                                                        <div class=\"lead\">Estatus de Protecci\u00f3n Temporal (TPS)<\/div>\n                                                        <div data-wow-delay=\"1s\" data-wow-duration=\"1.5s\" style=\"width: 100%; visibility: visible; animation-duration: 1.5s; animation-delay: 1s; animation-name: slideInLeft;\" data-progress=\"100%\" class=\"progress-bar wow slideInLeft animated\">\n                                <span>100%<\/span>\n                            <\/div>\n                        <\/div>\n                    <\/div>\n                                        <div class=\"overflow-hidden\">\n                        <div class=\"progress\">\n                                                        <div class=\"lead\">Inmigrante Juvenil Especial (SIJ)<\/div>\n                                                        <div data-wow-delay=\"1s\" data-wow-duration=\"1.5s\" style=\"width: 100%; visibility: visible; animation-duration: 1.5s; animation-delay: 1s; animation-name: slideInLeft;\" data-progress=\"100%\" class=\"progress-bar wow slideInLeft animated\">\n                                <span>100%<\/span>\n                            <\/div>\n                        <\/div>\n                    <\/div>\n                                        <div class=\"overflow-hidden\">\n                        <div class=\"progress\">\n                                                        <div class=\"lead\">Visa T<\/div>\n                                                        <div data-wow-delay=\"1s\" data-wow-duration=\"1.5s\" style=\"width: 95%; visibility: visible; animation-duration: 1.5s; animation-delay: 1s; animation-name: slideInLeft;\" data-progress=\"95%\" class=\"progress-bar wow slideInLeft animated\">\n                                <span>95%<\/span>\n                            <\/div>\n                        <\/div>\n                    <\/div>\n                                        <div class=\"overflow-hidden\">\n                        <div class=\"progress\">\n                                                        <div class=\"lead\">Apelaci\u00f3n ante BIA<\/div>\n                                                        <div data-wow-delay=\"1s\" data-wow-duration=\"1.5s\" style=\"width: 100%; visibility: visible; animation-duration: 1.5s; animation-delay: 1s; animation-name: slideInLeft;\" data-progress=\"100%\" class=\"progress-bar wow slideInLeft animated\">\n                                <span>100%<\/span>\n                            <\/div>\n                        <\/div>\n                    <\/div>\n                                    <\/div>\n            <\/div>\n        <\/div>\n    <\/div>\n<\/section>\t\t\t\t<\/div>\n\t\t\t\t<\/div>\n\t\t\t\t\t<\/div>\n\t\t<\/div>\n\t\t\t\t\t<\/div>\n\t\t<\/section>\n\t\t\t\t<\/div>","protected":false},"excerpt":{"rendered":"<p>Abogada Daniela Velez-Clucas Daniela V\u00e9lez-Clucas es una abogada de inmigraci\u00f3n con experiencia\u00a0comprometida a obtener los mejores resultados para sus clientes.\u00a0 Ha trabajado con familias inmigrantes y las ha representado en diversos asuntos de inmigraci\u00f3n, incluyendo defensa de deportaci\u00f3n, asilo, visas de tr\u00e1fico y visas especiales para inmigrantes juveniles, y otras formas humanitarias de ayuda ante&#8230;<\/p>","protected":false},"author":2,"featured_media":12802,"parent":0,"menu_order":0,"comment_status":"closed","ping_status":"closed","template":"elementor_header_footer","meta":{"_joinchat":[],"footnotes":""},"class_list":["post-12820","page","type-page","status-publish","has-post-thumbnail","hentry","aeen-post-thumb"],"_links":{"self":[{"href":"https:\/\/hispanicamericanlegalservices.com\/en\/wp-json\/wp\/v2\/pages\/12820","targetHints":{"allow":["GET"]}}],"collection":[{"href":"https:\/\/hispanicamericanlegalservices.com\/en\/wp-json\/wp\/v2\/pages"}],"about":[{"href":"https:\/\/hispanicamericanlegalservices.com\/en\/wp-json\/wp\/v2\/types\/page"}],"author":[{"embeddable":true,"href":"https:\/\/hispanicamericanlegalservices.com\/en\/wp-json\/wp\/v2\/users\/2"}],"replies":[{"embeddable":true,"href":"https:\/\/hispanicamericanlegalservices.com\/en\/wp-json\/wp\/v2\/comments?post=12820"}],"version-history":[{"count":9,"href":"https:\/\/hispanicamericanlegalservices.com\/en\/wp-json\/wp\/v2\/pages\/12820\/revisions"}],"predecessor-version":[{"id":12832,"href":"https:\/\/hispanicamericanlegalservices.com\/en\/wp-json\/wp\/v2\/pages\/12820\/revisions\/12832"}],"wp:featuredmedia":[{"embeddable":true,"href":"https:\/\/hispanicamericanlegalservices.com\/en\/wp-json\/wp\/v2\/media\/12802"}],"wp:attachment":[{"href":"https:\/\/hispanicamericanlegalservices.com\/en\/wp-json\/wp\/v2\/media?parent=12820"}],"curies":[{"name":"wp","href":"https:\/\/api.w.org\/{rel}","templated":true}]}}